{"id":1097,"date":"2021-03-03T21:57:47","date_gmt":"2021-03-03T21:57:47","guid":{"rendered":"https:\/\/fundacioncrysol.org\/es\/?page_id=1097"},"modified":"2021-03-04T05:28:09","modified_gmt":"2021-03-04T05:28:09","slug":"cobertura-geografica","status":"publish","type":"page","link":"https:\/\/fundacioncrysol.org\/es\/cobertura-geografica\/","title":{"rendered":"Cobertura Geogr\u00e1fica"},"content":{"rendered":"<div id=\"pl-1097\"  class=\"panel-layout\" ><div id=\"pg-1097-0\"  class=\"panel-grid panel-has-style\" ><div class=\"panel-row-style panel-row-style-for-1097-0\" ><div id=\"pgc-1097-0-0\"  class=\"panel-grid-cell\" ><div id=\"panel-1097-0-0-0\" class=\"so-panel widget widget_sow-editor panel-first-child panel-last-child\" data-index=\"0\" ><div\n\t\t\t\n\t\t\tclass=\"so-widget-sow-editor so-widget-sow-editor-base\"\n\t\t\t\n\t\t>\n<div class=\"siteorigin-widget-tinymce textwidget\">\n\t<h4><span style=\"color: #333333;\">La Fundaci\u00f3n CRYSOL, cuenta con dos agencias de atenci\u00f3n (Jalapa y Chimaltenango) y dos puntos de venta (Chiquimula y Jutiapa); desde donde se atienden clientes con la modalidad de grupos comunitarios o individuales de tal manera que se cubre m\u00e1s de una comunidad rural o microempresario de los departamentos de Jalapa, Jutiapa, Santa Rosa, El Progreso, Zacapa, Chiquimula, Guatemala, Chimaltenango y Sacatep\u00e9quez.<\/span><\/h4>\n<p><span style=\"color: #333333;\">Es importante resaltar que en los 18 a\u00f1os de trabajo CRYSOL,\u00a0 por su trasparencia, metodolog\u00edas de trabajo y la m\u00edstica de sus empleados se ha posicionado de una manera significativa en la comunidades rurales especialmente de Jalapa, donde se encuentra la sede central de las oficinas de Fundaci\u00f3n CRYSOL y en la agencia de Chimaltenango, donde al cierre del a\u00f1o se concentran\u00a0 el 51% y el 15% de los 5,065 clientes atendidos.<\/span><\/p>\n<p><span style=\"color: #333333;\">CRYSOL tambi\u00e9n tiene dentro de sus objetivos sociales la profundizaci\u00f3n en el mercado rural de tal manera que al cierre del a\u00f1o se tiene el 66% de la cartera de Q40,215,908.00 en este sector, \u00a0para el desarrollo de microempresas agropecuarias, de comercio, de producci\u00f3n, de servicios y de artesan\u00edas que les permita generar ingresos y mejorar sus condiciones de vida.<\/span><\/p>\n<\/div>\n<\/div><\/div><\/div><div id=\"pgc-1097-0-1\"  class=\"panel-grid-cell\" ><div id=\"panel-1097-0-1-0\" class=\"so-panel widget widget_sow-image panel-first-child panel-last-child\" data-index=\"1\" ><div class=\"align-left panel-widget-style panel-widget-style-for-1097-0-1-0\" ><div\n\t\t\t\n\t\t\tclass=\"so-widget-sow-image so-widget-sow-image-default-8b5b6f678277-1097\"\n\t\t\t\n\t\t>\n\n<div class=\"sow-image-container\">\n\t\t<img loading=\"lazy\" decoding=\"async\" src=\"https:\/\/fundacioncrysol.org\/es\/wp-content\/uploads\/2021\/03\/mapa-cobertura-geografica-crysol.jpg\" width=\"431\" height=\"497\" srcset=\"https:\/\/fundacioncrysol.org\/es\/wp-content\/uploads\/2021\/03\/mapa-cobertura-geografica-crysol.jpg 431w, https:\/\/fundacioncrysol.org\/es\/wp-content\/uploads\/2021\/03\/mapa-cobertura-geografica-crysol-260x300.jpg 260w, https:\/\/fundacioncrysol.org\/es\/wp-content\/uploads\/2021\/03\/mapa-cobertura-geografica-crysol-300x346.jpg 300w\" sizes=\"auto, (max-width: 431px) 100vw, 431px\" alt=\"\" \t\tclass=\"so-widget-image\"\/>\n\t<\/div>\n\n<\/div><\/div><\/div><\/div><\/div><\/div><\/div>","protected":false},"excerpt":{"rendered":"<p>La Fundaci\u00f3n CRYSOL, cuenta con dos agencias de atenci\u00f3n (Jalapa y Chimaltenango) y dos puntos de venta (Chiquimula y Jutiapa); desde donde se atienden clientes con la modalidad de grupos comunitarios o individuales de tal manera que se cubre m\u00e1s de una comunidad rural o microempresario de los departamentos de Jalapa, Jutiapa, Santa Rosa, El Progreso, Zacapa, Chiquimula, Guatemala, Chimaltenango y Sacatep\u00e9quez. Es importante resaltar que en los 18 a\u00f1os de trabajo CRYSOL,\u00a0 por su trasparencia, metodolog\u00edas de trabajo y la m\u00edstica de sus empleados se ha posicionado de una manera significativa en la comunidades rurales especialmente de Jalapa, donde se encuentra la sede central de las oficinas de Fundaci\u00f3n CRYSOL y en la agencia de Chimaltenango, donde al cierre del a\u00f1o se concentran\u00a0 el 51% y el 15% de los 5,065 clientes atendidos. CRYSOL tambi\u00e9n tiene dentro de sus objetivos sociales la profundizaci\u00f3n en el mercado rural de tal manera que al cierre del a\u00f1o se tiene el 66% de la cartera de Q40,215,908.00 en este sector, \u00a0para el desarrollo de microempresas agropecuarias, de comercio, de producci\u00f3n, de servicios y de artesan\u00edas que les permita generar ingresos y mejorar sus condiciones de vida.<\/p>\n","protected":false},"author":1,"featured_media":0,"parent":0,"menu_order":0,"comment_status":"closed","ping_status":"closed","template":"","meta":{"footnotes":""},"class_list":["post-1097","page","type-page","status-publish","hentry"],"_links":{"self":[{"href":"https:\/\/fundacioncrysol.org\/es\/wp-json\/wp\/v2\/pages\/1097","targetHints":{"allow":["GET"]}}],"collection":[{"href":"https:\/\/fundacioncrysol.org\/es\/wp-json\/wp\/v2\/pages"}],"about":[{"href":"https:\/\/fundacioncrysol.org\/es\/wp-json\/wp\/v2\/types\/page"}],"author":[{"embeddable":true,"href":"https:\/\/fundacioncrysol.org\/es\/wp-json\/wp\/v2\/users\/1"}],"replies":[{"embeddable":true,"href":"https:\/\/fundacioncrysol.org\/es\/wp-json\/wp\/v2\/comments?post=1097"}],"version-history":[{"count":22,"href":"https:\/\/fundacioncrysol.org\/es\/wp-json\/wp\/v2\/pages\/1097\/revisions"}],"predecessor-version":[{"id":1254,"href":"https:\/\/fundacioncrysol.org\/es\/wp-json\/wp\/v2\/pages\/1097\/revisions\/1254"}],"wp:attachment":[{"href":"https:\/\/fundacioncrysol.org\/es\/wp-json\/wp\/v2\/media?parent=1097"}],"curies":[{"name":"wp","href":"https:\/\/api.w.org\/{rel}","templated":true}]}}