{"id":1342,"date":"2021-03-10T06:16:36","date_gmt":"2021-03-10T06:16:36","guid":{"rendered":"https:\/\/fundacioncrysol.org\/es\/?page_id=1342"},"modified":"2021-03-10T07:07:20","modified_gmt":"2021-03-10T07:07:20","slug":"requisitos-credito-individual","status":"publish","type":"page","link":"https:\/\/fundacioncrysol.org\/es\/requisitos-credito-individual\/","title":{"rendered":"Requisitos Cr\u00e9dito Individual"},"content":{"rendered":"<div id=\"pl-1342\"  class=\"panel-layout\" ><div id=\"pg-1342-0\"  class=\"panel-grid panel-no-style\" ><div id=\"pgc-1342-0-0\"  class=\"panel-grid-cell\" ><div id=\"panel-1342-0-0-0\" class=\"so-panel widget widget_black-studio-tinymce widget_black_studio_tinymce panel-first-child\" data-index=\"0\" ><div class=\"textwidget\"><table border=\"1\" width=\"100%\" cellspacing=\"0\" cellpadding=\"5\">\n<tbody>\n<tr>\n<td style=\"text-align: center;\" align=\"center\" bgcolor=\"#E7A839\" width=\"30%\"><span style=\"color: #000000;\"><strong>DESTINO<\/strong><\/span><\/td>\n<td style=\"text-align: center;\" align=\"center\" bgcolor=\"#E7A839\" width=\"40%\"><span style=\"color: #000000;\"><strong>REQUISITOS<\/strong><\/span><\/td>\n<td style=\"text-align: center;\" align=\"center\" bgcolor=\"#E7A839\" width=\"30%\"><span style=\"color: #000000;\"><strong>GARANT\u00cdA<\/strong><\/span><\/td>\n<\/tr>\n<tr>\n<td align=\"left\" valign=\"middle\"><strong><span style=\"color: #333333;\">MICRO, PEQUE\u00d1A Y MEDIANA EMPRESA:<\/span><\/strong><\/p>\n<ul>\n<li><span style=\"color: #333333;\">Comercio<\/span><\/li>\n<li><span style=\"color: #333333;\">Servicios<\/span><\/li>\n<li><span style=\"color: #333333;\">Agroindustria<\/span><\/li>\n<li><span style=\"color: #333333;\">Industria<\/span><\/li>\n<li><span style=\"color: #333333;\">Artesan\u00edas<\/span><\/li>\n<li><span style=\"color: #333333;\">Vivienda<\/span><\/li>\n<li><span style=\"color: #333333;\">Servicios Tur\u00edsticos<\/span><\/li>\n<\/ul>\n<\/td>\n<td align=\"left\" valign=\"middle\">\n<ul>\n<li><span style=\"color: #333333;\">Mayor de edad.<\/span><\/li>\n<li><span style=\"color: #333333;\">No presentar antecedentes morosos.<\/span><\/li>\n<li><span style=\"color: #333333;\">Copia de documento de identificaci\u00f3n (DPI).<\/span><\/li>\n<li><span style=\"color: #333333;\">Estabilidad laboral o experiencia y estabilidad de negocio.<\/span><\/li>\n<li><span style=\"color: #333333;\">Constancia laboral.<\/span><\/li>\n<li><span style=\"color: #333333;\">Plan de inversi\u00f3n.<\/span><\/li>\n<li><span style=\"color: #333333;\">Fotocopia de \u00faltimo recibo de luz, agua o tel\u00e9fono.<\/span><\/li>\n<li><span style=\"color: #333333;\">Referencias personales y crediticias.<\/span><\/li>\n<li><span style=\"color: #333333;\">Residencia dentro del \u00e1rea de cobertura de Crysol.<\/span><\/li>\n<\/ul>\n<\/td>\n<td align=\"left\" valign=\"middle\">\n<ul>\n<li><span style=\"color: #333333;\">Fiduciaria<\/span><\/li>\n<li><span style=\"color: #333333;\">Prendaria<\/span><\/li>\n<li><span style=\"color: #333333;\">Hipotecaria<\/span><\/li>\n<\/ul>\n<\/td>\n<\/tr>\n<\/tbody>\n<\/table>\n<\/div><\/div><div id=\"panel-1342-0-0-1\" class=\"so-panel widget widget_hr-widget\" data-index=\"1\" ><div\n\t\t\t\n\t\t\tclass=\"so-widget-hr-widget so-widget-hr-widget-base\"\n\t\t\t\n\t\t>\n<hr class=\"fw\" style=\"height:1px; background:; margin-top:30px; margin-bottom:30px\"><\/div><\/div><div id=\"panel-1342-0-0-2\" class=\"so-panel widget widget_black-studio-tinymce widget_black_studio_tinymce panel-last-child\" data-index=\"2\" ><div class=\"textwidget\"><table border=\"1\" width=\"100%\" cellspacing=\"0\" cellpadding=\"5\">\n<tbody>\n<tr>\n<td style=\"text-align: center;\" align=\"center\" bgcolor=\"#E7A839\" width=\"30%\"><span style=\"color: #000000;\"><strong>DESTINO<\/strong><\/span><\/td>\n<td style=\"text-align: center;\" align=\"center\" bgcolor=\"#E7A839\" width=\"40%\"><span style=\"color: #000000;\"><strong>REQUISITOS<\/strong><\/span><\/td>\n<td style=\"text-align: center;\" align=\"center\" bgcolor=\"#E7A839\" width=\"30%\"><span style=\"color: #000000;\"><strong>GARANT\u00cdA<\/strong><\/span><\/td>\n<\/tr>\n<tr>\n<td align=\"left\" valign=\"middle\"><strong><span style=\"color: #333333;\">CONSUMO<\/span><\/strong><\/td>\n<td align=\"left\" valign=\"middle\">\n<ul>\n<li><span style=\"color: #333333;\">Mayor de edad.<\/span><\/li>\n<li><span style=\"color: #333333;\">No presentar antecedentes morosos.<\/span><\/li>\n<li><span style=\"color: #333333;\">Copia de documento de identificaci\u00f3n (DPI).<\/span><\/li>\n<li><span style=\"color: #333333;\">Estabilidad laboral o experiencia y estabilidad de negocio.<\/span><\/li>\n<li><span style=\"color: #333333;\">Constancia laboral.<\/span><\/li>\n<li><span style=\"color: #333333;\">Especificar gasto.<\/span><\/li>\n<li><span style=\"color: #333333;\">Fotocopia de \u00faltimo recibo de luz, agua o tel\u00e9fono.<\/span><\/li>\n<li><span style=\"color: #333333;\">Referencias personales y crediticias.<\/span><\/li>\n<li><span style=\"color: #333333;\">Residencia dentro del \u00e1rea de cobertura de Crysol.<\/span><\/li>\n<\/ul>\n<\/td>\n<td align=\"left\" valign=\"middle\">\n<ul>\n<li><span style=\"color: #333333;\">Fiduciaria<\/span><\/li>\n<li><span style=\"color: #333333;\">Prendaria<\/span><\/li>\n<li><span style=\"color: #333333;\">Hipotecaria<\/span><\/li>\n<\/ul>\n<\/td>\n<\/tr>\n<\/tbody>\n<\/table>\n<\/div><\/div><\/div><\/div><\/div>","protected":false},"excerpt":{"rendered":"<p>DESTINO REQUISITOS GARANT\u00cdA MICRO, PEQUE\u00d1A Y MEDIANA EMPRESA: Comercio Servicios Agroindustria Industria Artesan\u00edas Vivienda Servicios Tur\u00edsticos Mayor de edad. No presentar antecedentes morosos. Copia de documento de identificaci\u00f3n (DPI). Estabilidad laboral o experiencia y estabilidad de negocio. Constancia laboral. Plan de inversi\u00f3n. Fotocopia de \u00faltimo recibo de luz, agua o tel\u00e9fono. Referencias personales y crediticias. Residencia dentro del \u00e1rea de cobertura de Crysol. Fiduciaria Prendaria Hipotecaria DESTINO REQUISITOS GARANT\u00cdA CONSUMO Mayor de edad. No presentar antecedentes morosos. Copia de documento de identificaci\u00f3n (DPI). Estabilidad laboral o experiencia y estabilidad de negocio. Constancia laboral. Especificar gasto. Fotocopia de \u00faltimo recibo de luz, agua o tel\u00e9fono. Referencias personales y crediticias. Residencia dentro del \u00e1rea de cobertura de Crysol. Fiduciaria Prendaria Hipotecaria<\/p>\n","protected":false},"author":1,"featured_media":0,"parent":0,"menu_order":0,"comment_status":"closed","ping_status":"closed","template":"","meta":{"footnotes":""},"class_list":["post-1342","page","type-page","status-publish","hentry"],"_links":{"self":[{"href":"https:\/\/fundacioncrysol.org\/es\/wp-json\/wp\/v2\/pages\/1342","targetHints":{"allow":["GET"]}}],"collection":[{"href":"https:\/\/fundacioncrysol.org\/es\/wp-json\/wp\/v2\/pages"}],"about":[{"href":"https:\/\/fundacioncrysol.org\/es\/wp-json\/wp\/v2\/types\/page"}],"author":[{"embeddable":true,"href":"https:\/\/fundacioncrysol.org\/es\/wp-json\/wp\/v2\/users\/1"}],"replies":[{"embeddable":true,"href":"https:\/\/fundacioncrysol.org\/es\/wp-json\/wp\/v2\/comments?post=1342"}],"version-history":[{"count":40,"href":"https:\/\/fundacioncrysol.org\/es\/wp-json\/wp\/v2\/pages\/1342\/revisions"}],"predecessor-version":[{"id":1392,"href":"https:\/\/fundacioncrysol.org\/es\/wp-json\/wp\/v2\/pages\/1342\/revisions\/1392"}],"wp:attachment":[{"href":"https:\/\/fundacioncrysol.org\/es\/wp-json\/wp\/v2\/media?parent=1342"}],"curies":[{"name":"wp","href":"https:\/\/api.w.org\/{rel}","templated":true}]}}