{"id":1379,"date":"2021-03-10T07:01:52","date_gmt":"2021-03-10T07:01:52","guid":{"rendered":"https:\/\/fundacioncrysol.org\/es\/?page_id=1379"},"modified":"2021-03-10T07:06:30","modified_gmt":"2021-03-10T07:06:30","slug":"requisitos-credito-grupal","status":"publish","type":"page","link":"https:\/\/fundacioncrysol.org\/es\/requisitos-credito-grupal\/","title":{"rendered":"Requisitos Cr\u00e9dito Grupal"},"content":{"rendered":"<div id=\"pl-1379\"  class=\"panel-layout\" ><div id=\"pg-1379-0\"  class=\"panel-grid panel-no-style\" ><div id=\"pgc-1379-0-0\"  class=\"panel-grid-cell\" ><div id=\"panel-1379-0-0-0\" class=\"so-panel widget widget_black-studio-tinymce widget_black_studio_tinymce panel-first-child\" data-index=\"0\" ><div class=\"textwidget\"><table border=\"1\" width=\"100%\" cellspacing=\"0\" cellpadding=\"5\">\n<tbody>\n<tr>\n<td style=\"text-align: center;\" align=\"center\" bgcolor=\"#E7A839\" width=\"30%\"><span style=\"color: #000000;\"><strong>DESTINO<\/strong><\/span><\/td>\n<td style=\"text-align: center;\" align=\"center\" bgcolor=\"#E7A839\" width=\"40%\"><span style=\"color: #000000;\"><strong>REQUISITOS<\/strong><\/span><\/td>\n<td style=\"text-align: center;\" align=\"center\" bgcolor=\"#E7A839\" width=\"30%\"><span style=\"color: #000000;\"><strong>GARANT\u00cdA<\/strong><\/span><\/td>\n<\/tr>\n<tr>\n<td align=\"left\" valign=\"middle\"><strong><span style=\"color: #333333;\">BANCRYSOLES COMUNALES<\/span><\/strong><\/td>\n<td align=\"left\" valign=\"middle\">\n<ul>\n<li><span style=\"color: #333333;\">Disponiblidad de trabajar en grupo.<\/span><\/li>\n<li><span style=\"color: #333333;\">Organizar grupo de inter\u00e9s (10 personas en adelante).<\/span><\/li>\n<li><span style=\"color: #333333;\">Que habiten en la misma comunidad, barrio o sector.<\/span><\/li>\n<li><span style=\"color: #333333;\">Mayor de edad.<\/span><\/li>\n<li><span style=\"color: #333333;\">Buenas referencias laborales y de car\u00e1cter.<\/span><\/li>\n<li><span style=\"color: #333333;\">No presentar antecedentes morosos.<\/span><\/li>\n<li><span style=\"color: #333333;\">Copia de documento de identificaci\u00f3n (DPI)<\/span><\/li>\n<li><span style=\"color: #333333;\">Fotocopia de \u00faltimo recibo de luz, agua o tel\u00e9fono.<\/span><\/li>\n<\/ul>\n<\/td>\n<td align=\"left\" valign=\"middle\">\n<ul>\n<li><span style=\"color: #333333;\">Solidaria Mancomunada<\/span><\/li>\n<\/ul>\n<\/td>\n<\/tr>\n<\/tbody>\n<\/table>\n<\/div><\/div><div id=\"panel-1379-0-0-1\" class=\"so-panel widget widget_hr-widget\" data-index=\"1\" ><div\n\t\t\t\n\t\t\tclass=\"so-widget-hr-widget so-widget-hr-widget-base\"\n\t\t\t\n\t\t>\n<hr class=\"fw\" style=\"height:1px; background:; margin-top:30px; margin-bottom:30px\"><\/div><\/div><div id=\"panel-1379-0-0-2\" class=\"so-panel widget widget_black-studio-tinymce widget_black_studio_tinymce panel-last-child\" data-index=\"2\" ><div class=\"textwidget\"><table border=\"1\" width=\"100%\" cellspacing=\"0\" cellpadding=\"5\">\n<tbody>\n<tr>\n<td style=\"text-align: center;\" align=\"center\" bgcolor=\"#E7A839\" width=\"30%\"><span style=\"color: #000000;\"><strong>DESTINO<\/strong><\/span><\/td>\n<td style=\"text-align: center;\" align=\"center\" bgcolor=\"#E7A839\" width=\"40%\"><span style=\"color: #000000;\"><strong>REQUISITOS<\/strong><\/span><\/td>\n<td style=\"text-align: center;\" align=\"center\" bgcolor=\"#E7A839\" width=\"30%\"><span style=\"color: #000000;\"><strong>GARANT\u00cdA<\/strong><\/span><\/td>\n<\/tr>\n<tr>\n<td align=\"left\" valign=\"middle\"><strong><span style=\"color: #333333;\">GRUPOS SOLIDARIOS<br \/>\n<\/span><\/strong><\/td>\n<td align=\"left\" valign=\"middle\">\n<ul>\n<li><span style=\"color: #333333;\">Disponiblidad de trabajar en grupo.<\/span><\/li>\n<li><span style=\"color: #333333;\">Organizar grupo de inter\u00e9s (de 3 a 9 personas).<\/span><\/li>\n<li><span style=\"color: #333333;\">Que habiten en la misma comunidad, barrio o sector.<\/span><\/li>\n<li><span style=\"color: #333333;\">Mayor de edad.<\/span><\/li>\n<li><span style=\"color: #333333;\">Buenas referencias laborales y de car\u00e1cter.<\/span><\/li>\n<li><span style=\"color: #333333;\">No presentar antecedentes morosos.<\/span><\/li>\n<li><span style=\"color: #333333;\">Copia de documento de identificaci\u00f3n (DPI)<\/span><\/li>\n<li><span style=\"color: #333333;\">Fotocopia de \u00faltimo recibo de luz, agua o tel\u00e9fono.<\/span><\/li>\n<\/ul>\n<\/td>\n<td align=\"left\" valign=\"middle\">\n<ul>\n<li><span style=\"color: #333333;\">Solidaria Mancomunada<\/span><\/li>\n<li><span style=\"color: #333333;\">Prendaria<\/span><\/li>\n<li><span style=\"color: #333333;\">Hipotecaria<\/span><\/li>\n<\/ul>\n<\/td>\n<\/tr>\n<\/tbody>\n<\/table>\n<\/div><\/div><\/div><\/div><\/div>","protected":false},"excerpt":{"rendered":"<p>DESTINO REQUISITOS GARANT\u00cdA BANCRYSOLES COMUNALES Disponiblidad de trabajar en grupo. Organizar grupo de inter\u00e9s (10 personas en adelante). Que habiten en la misma comunidad, barrio o sector. Mayor de edad. Buenas referencias laborales y de car\u00e1cter. No presentar antecedentes morosos. Copia de documento de identificaci\u00f3n (DPI) Fotocopia de \u00faltimo recibo de luz, agua o tel\u00e9fono. Solidaria Mancomunada DESTINO REQUISITOS GARANT\u00cdA GRUPOS SOLIDARIOS Disponiblidad de trabajar en grupo. Organizar grupo de inter\u00e9s (de 3 a 9 personas). Que habiten en la misma comunidad, barrio o sector. Mayor de edad. Buenas referencias laborales y de car\u00e1cter. No presentar antecedentes morosos. Copia de documento de identificaci\u00f3n (DPI) Fotocopia de \u00faltimo recibo de luz, agua o tel\u00e9fono. Solidaria Mancomunada Prendaria Hipotecaria<\/p>\n","protected":false},"author":1,"featured_media":0,"parent":0,"menu_order":0,"comment_status":"closed","ping_status":"closed","template":"","meta":{"footnotes":""},"class_list":["post-1379","page","type-page","status-publish","hentry"],"_links":{"self":[{"href":"https:\/\/fundacioncrysol.org\/es\/wp-json\/wp\/v2\/pages\/1379","targetHints":{"allow":["GET"]}}],"collection":[{"href":"https:\/\/fundacioncrysol.org\/es\/wp-json\/wp\/v2\/pages"}],"about":[{"href":"https:\/\/fundacioncrysol.org\/es\/wp-json\/wp\/v2\/types\/page"}],"author":[{"embeddable":true,"href":"https:\/\/fundacioncrysol.org\/es\/wp-json\/wp\/v2\/users\/1"}],"replies":[{"embeddable":true,"href":"https:\/\/fundacioncrysol.org\/es\/wp-json\/wp\/v2\/comments?post=1379"}],"version-history":[{"count":7,"href":"https:\/\/fundacioncrysol.org\/es\/wp-json\/wp\/v2\/pages\/1379\/revisions"}],"predecessor-version":[{"id":1390,"href":"https:\/\/fundacioncrysol.org\/es\/wp-json\/wp\/v2\/pages\/1379\/revisions\/1390"}],"wp:attachment":[{"href":"https:\/\/fundacioncrysol.org\/es\/wp-json\/wp\/v2\/media?parent=1379"}],"curies":[{"name":"wp","href":"https:\/\/api.w.org\/{rel}","templated":true}]}}