{"id":1393,"date":"2021-03-12T03:23:12","date_gmt":"2021-03-12T03:23:12","guid":{"rendered":"https:\/\/fundacioncrysol.org\/es\/?page_id=1393"},"modified":"2021-03-15T17:06:32","modified_gmt":"2021-03-15T17:06:32","slug":"contacto","status":"publish","type":"page","link":"https:\/\/fundacioncrysol.org\/es\/contacto\/","title":{"rendered":"Contacto"},"content":{"rendered":"<div id=\"pl-1393\"  class=\"panel-layout\" ><div id=\"pg-1393-0\"  class=\"panel-grid panel-no-style\" ><div id=\"pgc-1393-0-0\"  class=\"panel-grid-cell\" ><div id=\"panel-1393-0-0-0\" class=\"so-panel widget widget_sow-editor panel-first-child\" data-index=\"0\" ><div\n\t\t\t\n\t\t\tclass=\"so-widget-sow-editor so-widget-sow-editor-base\"\n\t\t\t\n\t\t><h3 class=\"widget-title\">Escr\u00edbanos!<\/h3>\n<div class=\"siteorigin-widget-tinymce textwidget\">\n\t<p><span style=\"color: #333333;\">Utilice el siguiente formulario para escribirnos un mensaje, hacernos llegar sus comentarios o sugerencias y con gusto le estaremos atendiendo en el menor tiempo posible.<\/span><\/p>\n<\/div>\n<\/div><\/div><div id=\"panel-1393-0-0-1\" class=\"so-panel widget widget_sow-editor panel-last-child\" data-index=\"1\" ><div\n\t\t\t\n\t\t\tclass=\"so-widget-sow-editor so-widget-sow-editor-base\"\n\t\t\t\n\t\t>\n<div class=\"siteorigin-widget-tinymce textwidget\">\n\t\n<div class=\"wpcf7 no-js\" id=\"wpcf7-f5-o1\" lang=\"es-ES\" dir=\"ltr\">\n<div class=\"screen-reader-response\"><p role=\"status\" aria-live=\"polite\" aria-atomic=\"true\"><\/p> <ul><\/ul><\/div>\n<form action=\"\/es\/wp-json\/wp\/v2\/pages\/1393#wpcf7-f5-o1\" method=\"post\" class=\"wpcf7-form init contact-form clearfix\" aria-label=\"Formulario de contacto\" novalidate=\"novalidate\" data-status=\"init\">\n<div style=\"display: none;\">\n<input type=\"hidden\" name=\"_wpcf7\" value=\"5\" \/>\n<input type=\"hidden\" name=\"_wpcf7_version\" value=\"5.9.3\" \/>\n<input type=\"hidden\" name=\"_wpcf7_locale\" value=\"es_ES\" \/>\n<input type=\"hidden\" name=\"_wpcf7_unit_tag\" value=\"wpcf7-f5-o1\" \/>\n<input type=\"hidden\" name=\"_wpcf7_container_post\" value=\"0\" \/>\n<input type=\"hidden\" name=\"_wpcf7_posted_data_hash\" value=\"\" \/>\n<input type=\"hidden\" name=\"_wpcf7_recaptcha_response\" value=\"\" \/>\n<\/div>\n<div class=\"row\">\n\t<div class=\"col-md-6 col-sm-6\">\n\t\t<p><label>Nombre (requerido)<\/label><br \/>\n<span class=\"wpcf7-form-control-wrap\" data-name=\"su-nombre\"><input size=\"40\" class=\"wpcf7-form-control wpcf7-text wpcf7-validates-as-required form-control input-lg\" aria-required=\"true\" aria-invalid=\"false\" value=\"\" type=\"text\" name=\"su-nombre\" \/><\/span>\n\t\t<\/p>\n\t<\/div>\n\t<div class=\"col-md-6 col-sm-6\">\n\t\t<p><label>Email (requerido)<\/label><br \/>\n<span class=\"wpcf7-form-control-wrap\" data-name=\"su-email\"><input size=\"40\" class=\"wpcf7-form-control wpcf7-email wpcf7-validates-as-required wpcf7-text wpcf7-validates-as-email form-control input-lg\" aria-required=\"true\" aria-invalid=\"false\" value=\"\" type=\"email\" name=\"su-email\" \/><\/span>\n\t\t<\/p>\n\t<\/div>\n<\/div>\n<div class=\"row\">\n\t<div class=\"col-md-6 col-sm-6\">\n\t\t<p><label>Tel\u00e9fono (requerido)<\/label><br \/>\n<span class=\"wpcf7-form-control-wrap\" data-name=\"su-telefono\"><input size=\"40\" class=\"wpcf7-form-control wpcf7-tel wpcf7-validates-as-required wpcf7-text wpcf7-validates-as-tel form-control input-lg\" aria-required=\"true\" aria-invalid=\"false\" value=\"\" type=\"tel\" name=\"su-telefono\" \/><\/span>\n\t\t<\/p>\n\t<\/div>\n\t<div class=\"col-md-6 col-sm-6\">\n\t\t<p><label>A qu\u00e9 sucursal desea contactar?<\/label><br \/>\n<span class=\"wpcf7-form-control-wrap\" data-name=\"sucursal\"><select class=\"wpcf7-form-control wpcf7-select wpcf7-validates-as-required\" aria-required=\"true\" aria-invalid=\"false\" name=\"sucursal\"><option value=\"\">&#8212;Por favor, elige una opci\u00f3n&#8212;<\/option><option value=\"Fundaci\u00f3n Crysol Jalapa\">Fundaci\u00f3n Crysol Jalapa<\/option><option value=\"Fundaci\u00f3n Crysol Chimaltenango\">Fundaci\u00f3n Crysol Chimaltenango<\/option><\/select><\/span>\n\t\t<\/p>\n\t<\/div>\n<\/div>\n<div class=\"row\">\n\t<div class=\"col-md-12\">\n\t\t<p><label>Mensaje<\/label><br \/>\n<span class=\"wpcf7-form-control-wrap\" data-name=\"su-mensaje\"><textarea cols=\"40\" rows=\"10\" class=\"wpcf7-form-control wpcf7-textarea form-control input-lg\" aria-invalid=\"false\" name=\"su-mensaje\"><\/textarea><\/span><br \/>\n\t\t<span class=\"wpcf7-form-control-wrap recaptcha\" data-name=\"recaptcha\"><span data-sitekey=\"6LctioAaAAAAANeuqUu9VwRA6o3suocj1waL0Fxc\" class=\"wpcf7-form-control wpcf7-recaptcha g-recaptcha\"><\/span>\r\n<noscript>\r\n\t<div class=\"grecaptcha-noscript\">\r\n\t\t<iframe loading=\"lazy\" src=\"https:\/\/www.google.com\/recaptcha\/api\/fallback?k=6LctioAaAAAAANeuqUu9VwRA6o3suocj1waL0Fxc\" frameborder=\"0\" scrolling=\"no\" width=\"310\" height=\"430\">\r\n\t\t<\/iframe>\r\n\t\t<textarea name=\"g-recaptcha-response\" rows=\"3\" cols=\"40\" placeholder=\"Aqu\u00ed la respuesta de reCAPTCHA\">\r\n\t\t<\/textarea>\r\n\t<\/div>\r\n<\/noscript>\r\n<\/span><br \/>\n<input class=\"wpcf7-form-control wpcf7-submit has-spinner btn btn-primary btn-lg\" type=\"submit\" value=\"Enviar\" \/>\n\t\t<\/p>\n\t<\/div>\n<\/div><div class=\"wpcf7-response-output\" aria-hidden=\"true\"><\/div>\n<\/form>\n<\/div>\n\n<\/div>\n<\/div><\/div><\/div><div id=\"pgc-1393-0-1\"  class=\"panel-grid-cell\" ><div id=\"panel-1393-0-1-0\" class=\"so-panel widget widget_sow-editor panel-first-child\" data-index=\"2\" ><div\n\t\t\t\n\t\t\tclass=\"so-widget-sow-editor so-widget-sow-editor-base\"\n\t\t\t\n\t\t>\n<div class=\"siteorigin-widget-tinymce textwidget\">\n\t<div class=\"feature-block\">\n<h5>Fundaci\u00f3n Crysol JALAPA<\/h5>\n<p><span style=\"color: #333333;\">6\u00ba. Calle 1-29 zona 2, Jalapa, Guatemala.<\/span><br \/>\n&nbsp;<\/p>\n<p style=\"color: #333333;\"><strong>TELEFAX:<\/strong> (502) 7922-7887 al 90<\/p>\n<p>&nbsp;<\/p>\n<p style=\"color: #333333;\"><strong>EMAIL:<\/strong> <a href=\"mailto:infocrysoljalapa@fundacioncrysol.org\" target=\"_blank\" rel=\"noopener\">infocrysoljalapa@<wbr><\/wbr>fundacioncrysol.org<\/a><\/p>\n<\/div>\n<\/div>\n<\/div><\/div><div id=\"panel-1393-0-1-1\" class=\"so-panel widget widget_sow-editor\" data-index=\"3\" ><div\n\t\t\t\n\t\t\tclass=\"so-widget-sow-editor so-widget-sow-editor-base\"\n\t\t\t\n\t\t>\n<div class=\"siteorigin-widget-tinymce textwidget\">\n\t<div class=\"feature-block\">\n<h5>Fundaci\u00f3n Crysol CHIMALTENANGO<\/h5>\n<p><span style=\"color: #333333;\">1ra Calle 6-41 zona 4, Chimaltenango, Guatemala.<\/span><br \/>\n&nbsp;<\/p>\n<p style=\"color: #333333;\"><strong>TEL\u00c9FONOS:<\/strong> (502) 7839-1709 y 7839-4598<\/p>\n<p>&nbsp;<\/p>\n<p style=\"color: #333333;\"><strong>EMAIL:<\/strong> <a href=\"mailto:infocrysolchimaltenango@fundacioncrysol.org\" target=\"_blank\" rel=\"noopener\">infocrysolchimaltenango@fundacioncrysol.org<\/a><\/p>\n<\/div>\n<\/div>\n<\/div><\/div><div id=\"panel-1393-0-1-2\" class=\"so-panel widget widget_spacer-widget panel-last-child\" data-index=\"4\" ><div\n\t\t\t\n\t\t\tclass=\"so-widget-spacer-widget so-widget-spacer-widget-base\"\n\t\t\t\n\t\t>\n<div class=\"clearfix\" style=\"height:30px\"><\/div><\/div><\/div><\/div><\/div><div id=\"pg-1393-1\"  class=\"panel-grid panel-has-style\" ><div class=\"siteorigin-panels-stretch panel-row-style panel-row-style-for-1393-1\" data-stretch-type=\"full\" ><div id=\"pgc-1393-1-0\"  class=\"panel-grid-cell\" ><div id=\"panel-1393-1-0-0\" class=\"so-panel widget widget_sow-editor panel-first-child panel-last-child\" data-index=\"5\" ><div\n\t\t\t\n\t\t\tclass=\"so-widget-sow-editor so-widget-sow-editor-base\"\n\t\t\t\n\t\t>\n<div class=\"siteorigin-widget-tinymce textwidget\">\n\t<h3 style=\"text-align: center;\"><span style=\"color: #333333;\">Ubicaci\u00f3n Fundaci\u00f3n Crysol Jalapa<\/span><\/h3>\n<p><iframe loading=\"lazy\" style=\"border: 0;\" src=\"https:\/\/www.google.com\/maps\/embed?pb=!1m18!1m12!1m3!1d3860.2611793068736!2d-89.99300778515926!3d14.641110089776667!2m3!1f0!2f0!3f0!3m2!1i1024!2i768!4f13.1!3m3!1m2!1s0x0%3A0x0!2zMTTCsDM4JzI4LjAiTiA4OcKwNTknMjcuMCJX!5e0!3m2!1ses!2sgt!4v1615662644255!5m2!1ses!2sgt\" width=\"100%\" height=\"450\" allowfullscreen=\"allowfullscreen\"><\/iframe><\/p>\n<\/div>\n<\/div><\/div><\/div><div id=\"pgc-1393-1-1\"  class=\"panel-grid-cell\" ><div id=\"panel-1393-1-1-0\" class=\"so-panel widget widget_sow-editor panel-first-child panel-last-child\" data-index=\"6\" ><div\n\t\t\t\n\t\t\tclass=\"so-widget-sow-editor so-widget-sow-editor-base\"\n\t\t\t\n\t\t>\n<div class=\"siteorigin-widget-tinymce textwidget\">\n\t<h3 style=\"text-align: center;\"><span style=\"color: #333333;\">Ubicaci\u00f3n Fundaci\u00f3n Crysol Chimaltenango<\/span><\/h3>\n<p><iframe src=\"https:\/\/www.google.com\/maps\/embed?pb=!1m18!1m12!1m3!1d2729.5853525835455!2d-90.69161915609351!3d14.643641165779453!2m3!1f0!2f0!3f0!3m2!1i1024!2i768!4f13.1!3m3!1m2!1s0x0%3A0x0!2zMTTCsDM4JzQ3LjgiTiA5MMKwNDEnMzEuMiJX!5e0!3m2!1ses!2sgt!4v1615827970696!5m2!1ses!2sgt\" width=\"100%\" height=\"450\" style=\"border:0;\" allowfullscreen=\"\" loading=\"lazy\"><\/iframe><\/p>\n<\/div>\n<\/div><\/div><\/div><\/div><\/div><\/div>","protected":false},"excerpt":{"rendered":"<p>Utilice el siguiente formulario para escribirnos un mensaje, hacernos llegar sus comentarios o sugerencias y con gusto le estaremos atendiendo en el menor tiempo posible. Fundaci\u00f3n Crysol JALAPA 6\u00ba. Calle 1-29 zona 2, Jalapa, Guatemala. &nbsp; TELEFAX: (502) 7922-7887 al 90 &nbsp; EMAIL: infocrysoljalapa@fundacioncrysol.org Fundaci\u00f3n Crysol CHIMALTENANGO 1ra Calle 6-41 zona 4, Chimaltenango, Guatemala. &nbsp; TEL\u00c9FONOS: (502) 7839-1709 y 7839-4598 &nbsp; EMAIL: infocrysolchimaltenango@fundacioncrysol.org Ubicaci\u00f3n Fundaci\u00f3n Crysol Jalapa Ubicaci\u00f3n Fundaci\u00f3n Crysol Chimaltenango<\/p>\n","protected":false},"author":1,"featured_media":0,"parent":0,"menu_order":0,"comment_status":"closed","ping_status":"closed","template":"","meta":{"footnotes":""},"class_list":["post-1393","page","type-page","status-publish","hentry"],"_links":{"self":[{"href":"https:\/\/fundacioncrysol.org\/es\/wp-json\/wp\/v2\/pages\/1393","targetHints":{"allow":["GET"]}}],"collection":[{"href":"https:\/\/fundacioncrysol.org\/es\/wp-json\/wp\/v2\/pages"}],"about":[{"href":"https:\/\/fundacioncrysol.org\/es\/wp-json\/wp\/v2\/types\/page"}],"author":[{"embeddable":true,"href":"https:\/\/fundacioncrysol.org\/es\/wp-json\/wp\/v2\/users\/1"}],"replies":[{"embeddable":true,"href":"https:\/\/fundacioncrysol.org\/es\/wp-json\/wp\/v2\/comments?post=1393"}],"version-history":[{"count":49,"href":"https:\/\/fundacioncrysol.org\/es\/wp-json\/wp\/v2\/pages\/1393\/revisions"}],"predecessor-version":[{"id":1486,"href":"https:\/\/fundacioncrysol.org\/es\/wp-json\/wp\/v2\/pages\/1393\/revisions\/1486"}],"wp:attachment":[{"href":"https:\/\/fundacioncrysol.org\/es\/wp-json\/wp\/v2\/media?parent=1393"}],"curies":[{"name":"wp","href":"https:\/\/api.w.org\/{rel}","templated":true}]}}