{"id":15,"date":"2016-05-04T12:41:24","date_gmt":"2016-05-04T12:41:24","guid":{"rendered":"http:\/\/localhost\/greenskeeper\/?page_id=15"},"modified":"2021-03-14T04:25:31","modified_gmt":"2021-03-14T04:25:31","slug":"home","status":"publish","type":"page","link":"https:\/\/fundacioncrysol.org\/es\/","title":{"rendered":"Inicio"},"content":{"rendered":"<div id=\"pl-15\"  class=\"panel-layout\" ><div id=\"pg-15-0\"  class=\"panel-grid panel-has-style\" ><div class=\"siteorigin-panels-stretch panel-row-style panel-row-style-for-15-0\" data-stretch-type=\"full-stretched\" ><div id=\"pgc-15-0-0\"  class=\"panel-grid-cell\" ><div id=\"panel-15-0-0-0\" class=\"so-panel widget widget_srow-widget panel-first-child\" data-index=\"0\" ><div\n\t\t\t\n\t\t\tclass=\"so-widget-srow-widget so-widget-srow-widget-base\"\n\t\t\t\n\t\t><style type=\"text\/css\">\n.quote-teaser-title:before{\n\tbackground-color: #0d351f;\n\tright: 70px;\n}\n.quote-teaser h3:before{\n\tborder-color: transparent #114a2b transparent transparent;\n\tborder-width: 0 70px 70px 0;\n}\n.quote-teaser h3:after{\n\tborder-color: transparent transparent transparent #114a2b;\n\tborder-width: 70px 0 0 70px;\n}\n<\/style>\n<div class=\"quote-teaser\" style=\"background-color: #114a2b\">\n    \t<div class=\"container\">\n        \t<div class=\"quote-teaser-title\">\n            \t<h3 style=\"background-color: #0d351f; height: 100px; padding-right: 50px;\"><i class=\"fa fa-info-circle accent-color\"><\/i> Solicitar un Cr\u00e9dito<\/h3>\n           \t<\/div>\n            <div class=\"quote-teaser-right clearfix\">\n                \n<div class=\"wpcf7 no-js\" id=\"wpcf7-f261-o1\" lang=\"en-US\" dir=\"ltr\">\n<div class=\"screen-reader-response\"><p role=\"status\" aria-live=\"polite\" aria-atomic=\"true\"><\/p> <ul><\/ul><\/div>\n<form action=\"\/es\/wp-json\/wp\/v2\/pages\/15#wpcf7-f261-o1\" method=\"post\" class=\"wpcf7-form init\" aria-label=\"Contact form\" novalidate=\"novalidate\" data-status=\"init\">\n<div style=\"display: none;\">\n<input type=\"hidden\" name=\"_wpcf7\" value=\"261\" \/>\n<input type=\"hidden\" name=\"_wpcf7_version\" value=\"5.9.3\" \/>\n<input type=\"hidden\" name=\"_wpcf7_locale\" value=\"en_US\" \/>\n<input type=\"hidden\" name=\"_wpcf7_unit_tag\" value=\"wpcf7-f261-o1\" \/>\n<input type=\"hidden\" name=\"_wpcf7_container_post\" value=\"0\" \/>\n<input type=\"hidden\" name=\"_wpcf7_posted_data_hash\" value=\"\" \/>\n<input type=\"hidden\" name=\"_wpcf7_recaptcha_response\" value=\"\" \/>\n<\/div>\n<div class=\"row\">\n\t<div class=\"col-md-3\">\n\t\t<p><span class=\"wpcf7-form-control-wrap\" data-name=\"su-nombre\"><input size=\"40\" class=\"wpcf7-form-control wpcf7-text wpcf7-validates-as-required form-control\" aria-required=\"true\" aria-invalid=\"false\" placeholder=\"Nombre\" value=\"\" type=\"text\" name=\"su-nombre\" \/><\/span>\n\t\t<\/p>\n\t<\/div>\n\t<div class=\"col-md-2\">\n\t\t<p><span class=\"wpcf7-form-control-wrap\" data-name=\"su-telefono\"><input size=\"40\" class=\"wpcf7-form-control wpcf7-text wpcf7-validates-as-required form-control\" aria-required=\"true\" aria-invalid=\"false\" placeholder=\"Tel\u00e9fono\" value=\"\" type=\"text\" name=\"su-telefono\" \/><\/span>\n\t\t<\/p>\n\t<\/div>\n\t<div class=\"col-md-3\">\n\t\t<p><span class=\"wpcf7-form-control-wrap\" data-name=\"su-email\"><input size=\"40\" class=\"wpcf7-form-control wpcf7-email wpcf7-validates-as-required wpcf7-text wpcf7-validates-as-email form-control\" aria-required=\"true\" aria-invalid=\"false\" placeholder=\"Email\" value=\"\" type=\"email\" name=\"su-email\" \/><\/span>\n\t\t<\/p>\n\t<\/div>\n\t<div class=\"col-md-2\">\n\t\t<p><span class=\"wpcf7-form-control-wrap\" data-name=\"TipoCredito\"><select class=\"wpcf7-form-control wpcf7-select wpcf7-validates-as-required TipoCredito\" id=\"TipoCredito\" aria-required=\"true\" aria-invalid=\"false\" name=\"TipoCredito\"><option value=\"\">&#8212;Please choose an option&#8212;<\/option><option value=\"Cr\u00e9dito Individual\">Cr\u00e9dito Individual<\/option><option value=\"Cr\u00e9dito Grupal\">Cr\u00e9dito Grupal<\/option><\/select><\/span>\n\t\t<\/p>\n\t<\/div>\n\t<div class=\"col-md-2\">\n\t\t<p><input class=\"wpcf7-form-control wpcf7-submit has-spinner btn btn-primary btn-lg btn-block\" type=\"submit\" value=\"Enviar\" \/>\n\t\t<\/p>\n\t<\/div>\n<\/div><div class=\"wpcf7-response-output\" aria-hidden=\"true\"><\/div>\n<\/form>\n<\/div>\n            <\/div>\n        <\/div>\n    <\/div><\/div><\/div><div id=\"panel-15-0-0-1\" class=\"so-panel widget widget_spacer-widget panel-last-child\" data-index=\"1\" ><div\n\t\t\t\n\t\t\tclass=\"so-widget-spacer-widget so-widget-spacer-widget-base\"\n\t\t\t\n\t\t>\n<div class=\"clearfix\" style=\"height:5px\"><\/div><\/div><\/div><\/div><\/div><\/div><div id=\"pg-15-1\"  class=\"panel-grid panel-has-style\" ><div class=\"shadow-row siteorigin-panels-stretch panel-row-style panel-row-style-for-15-1\" data-stretch-type=\"full\" ><div id=\"pgc-15-1-0\"  class=\"panel-grid-cell\" ><div id=\"panel-15-1-0-0\" class=\"so-panel widget widget_sow-editor panel-first-child\" data-index=\"2\" ><div\n\t\t\t\n\t\t\tclass=\"so-widget-sow-editor so-widget-sow-editor-base\"\n\t\t\t\n\t\t>\n<div class=\"siteorigin-widget-tinymce textwidget\">\n\t<h1 class=\"margin-0\">Mensaje del Director<strong><br \/>\n<\/strong><\/h1>\n<\/div>\n<\/div><\/div><div id=\"panel-15-1-0-1\" class=\"so-panel widget widget_sow-editor\" data-index=\"3\" ><div\n\t\t\t\n\t\t\tclass=\"so-widget-sow-editor so-widget-sow-editor-base\"\n\t\t\t\n\t\t>\n<div class=\"siteorigin-widget-tinymce textwidget\">\n\t<h3 class=\"margin-0\"><span style=\"color: #ff9900;\"><strong>Estimados y estimadas:<\/strong><\/span><\/h3>\n<p><span style=\"color: #333333;\">Gracias a nuestros clientes, a nuestros proveedores, a nuestros cooperantes financieros, a nuestro talento humano en sus diferentes \u00e1mbitos de acci\u00f3n y a Dios principalmente, hemos culminado un cap\u00edtulo m\u00e1s de doce meses de arduo trabajo, acumulando a la fecha 18 a\u00f1os de estar contribuyendo a aliviar la pobreza de nuestros y nuestras clientes a trav\u00e9s de metodolog\u00edas de cr\u00e9dito inclusivas, adaptada a sus necesidades y a nuestro acompa\u00f1amiento que lo brindamos \u00a0con calidad y calidez. <\/span><\/p>\n<a href=\"https:\/\/fundacioncrysol.org\/es\/mensaje-director\/\" class=\"btn btn-default\" >Leer m\u00e1s <\/a>\n<\/div>\n<\/div><\/div><div id=\"panel-15-1-0-2\" class=\"so-panel widget widget_spacer-widget panel-last-child\" data-index=\"4\" ><div\n\t\t\t\n\t\t\tclass=\"so-widget-spacer-widget so-widget-spacer-widget-base\"\n\t\t\t\n\t\t>\n<div class=\"clearfix\" style=\"height:20px\"><\/div><\/div><\/div><\/div><div id=\"pgc-15-1-1\"  class=\"panel-grid-cell\" ><div id=\"panel-15-1-1-0\" class=\"so-panel widget widget_connected-blocks-widget panel-first-child panel-last-child\" data-index=\"5\" ><div\n\t\t\t\n\t\t\tclass=\"so-widget-connected-blocks-widget so-widget-connected-blocks-widget-base\"\n\t\t\t\n\t\t><div class=\"connected-blocks\">\n<span class=\"icon\">\n<span class=\"sow-icon-icomoon\" data-sow-icon=\"&#xe9a4;\"\n\t\t \n\t\taria-hidden=\"true\"><\/span><\/span>\n<h5>NUESTRA MISI\u00d3N<\/h5>\n<p><span style=\"color: #333333;\">Somos una organizaci\u00f3n privada que brinda servicios financieros de f\u00e1cil acceso, \u00e1giles, oportunos y transparentes a personas y grupos de \u00e1reas rurales y urbanas; que se esfuerzan por una mejor calidad de vida.<\/span><\/p>\n<\/div>\n<div class=\"connected-blocks\">\n<span class=\"icon\">\n<span class=\"sow-icon-fontawesome sow-fas\" data-sow-icon=\"&#xf06c;\"\n\t\t \n\t\taria-hidden=\"true\"><\/span><\/span>\n<h5>NUESTRA VISI\u00d3N<\/h5>\n<p><span style=\"color: #333333;\">Ser una organizaci\u00f3n privada que brinda servicios financieros de excelencia;\u00a0 que contribuye al desarrollo familiar y comunitario, preferida en el oriente del pa\u00eds y con proyecci\u00f3n nacional.<\/span><\/p>\n<\/div>\n<\/div><\/div><\/div><\/div><\/div><div id=\"pg-15-2\"  class=\"panel-grid panel-has-style\" ><div class=\"siteorigin-panels-stretch panel-row-style panel-row-style-for-15-2\" data-stretch-type=\"full\" ><div id=\"pgc-15-2-0\"  class=\"panel-grid-cell\" ><div id=\"panel-15-2-0-0\" class=\"so-panel widget widget_siteorigin-panels-builder panel-first-child panel-last-child\" data-index=\"6\" ><div id=\"pl-w604002344720d\"  class=\"panel-layout\" ><div id=\"pg-w604002344720d-0\"  class=\"panel-grid panel-no-style\" ><div id=\"pgc-w604002344720d-0-0\"  class=\"panel-grid-cell\" ><div id=\"panel-w604002344720d-0-0-0\" class=\"so-panel widget widget_sow-editor panel-first-child\" data-index=\"0\" ><div\n\t\t\t\n\t\t\tclass=\"so-widget-sow-editor so-widget-sow-editor-base\"\n\t\t\t\n\t\t>\n<div class=\"siteorigin-widget-tinymce textwidget\">\n\t<h4 class=\"stacked-title\">NUESTROS VALORES<\/h4>\n<\/div>\n<\/div><\/div><div id=\"panel-w604002344720d-0-0-1\" class=\"so-panel widget widget_spacer-widget panel-last-child\" data-index=\"1\" ><div\n\t\t\t\n\t\t\tclass=\"so-widget-spacer-widget so-widget-spacer-widget-base\"\n\t\t\t\n\t\t>\n<div class=\"clearfix\" style=\"height:30px\"><\/div><\/div><\/div><\/div><\/div><div id=\"pg-w604002344720d-1\"  class=\"panel-grid panel-no-style\" ><div id=\"pgc-w604002344720d-1-0\"  class=\"panel-grid-cell\" ><div id=\"panel-w604002344720d-1-0-0\" class=\"so-panel widget widget_featured-blocks-widget panel-first-child\" data-index=\"2\" ><div\n\t\t\t\n\t\t\tclass=\"so-widget-featured-blocks-widget so-widget-featured-blocks-widget-base\"\n\t\t\t\n\t\t><div class=\"feature-block\">\n<span class=\"icon\">\n<span class=\"sow-icon-fontawesome sow-fas\" data-sow-icon=\"&#xf058;\"\n\t\t \n\t\taria-hidden=\"true\"><\/span><\/span>\n<h5>SERVICIO<\/h5>\n<p><\/p>\n<\/div><\/div><\/div><div id=\"panel-w604002344720d-1-0-1\" class=\"so-panel widget widget_featured-blocks-widget panel-last-child\" data-index=\"3\" ><div\n\t\t\t\n\t\t\tclass=\"so-widget-featured-blocks-widget so-widget-featured-blocks-widget-base\"\n\t\t\t\n\t\t><div class=\"feature-block\">\n<span class=\"icon\">\n<span class=\"sow-icon-fontawesome sow-fas\" data-sow-icon=\"&#xf058;\"\n\t\t \n\t\taria-hidden=\"true\"><\/span><\/span>\n<h5>RESPONSABILIDAD<\/h5>\n<p><\/p>\n<\/div><\/div><\/div><\/div><div id=\"pgc-w604002344720d-1-1\"  class=\"panel-grid-cell\" ><div id=\"panel-w604002344720d-1-1-0\" class=\"so-panel widget widget_featured-blocks-widget panel-first-child\" data-index=\"4\" ><div\n\t\t\t\n\t\t\tclass=\"so-widget-featured-blocks-widget so-widget-featured-blocks-widget-base\"\n\t\t\t\n\t\t><div class=\"feature-block\">\n<span class=\"icon\">\n<span class=\"sow-icon-fontawesome sow-fas\" data-sow-icon=\"&#xf058;\"\n\t\t \n\t\taria-hidden=\"true\"><\/span><\/span>\n<h5>COOPERACI\u00d3N<\/h5>\n<p><\/p>\n<\/div><\/div><\/div><div id=\"panel-w604002344720d-1-1-1\" class=\"so-panel widget widget_featured-blocks-widget panel-last-child\" data-index=\"5\" ><div\n\t\t\t\n\t\t\tclass=\"so-widget-featured-blocks-widget so-widget-featured-blocks-widget-base\"\n\t\t\t\n\t\t><div class=\"feature-block\">\n<span class=\"icon\">\n<span class=\"sow-icon-fontawesome sow-fas\" data-sow-icon=\"&#xf058;\"\n\t\t \n\t\taria-hidden=\"true\"><\/span><\/span>\n<h5>TRANSPARENCIA<\/h5>\n<p><\/p>\n<\/div><\/div><\/div><\/div><div id=\"pgc-w604002344720d-1-2\"  class=\"panel-grid-cell\" ><div id=\"panel-w604002344720d-1-2-0\" class=\"so-panel widget widget_featured-blocks-widget panel-first-child\" data-index=\"6\" ><div\n\t\t\t\n\t\t\tclass=\"so-widget-featured-blocks-widget so-widget-featured-blocks-widget-base\"\n\t\t\t\n\t\t><div class=\"feature-block\">\n<span class=\"icon\">\n<span class=\"sow-icon-fontawesome sow-fas\" data-sow-icon=\"&#xf058;\"\n\t\t \n\t\taria-hidden=\"true\"><\/span><\/span>\n<h5>HONESTIDAD<\/h5>\n<p><\/p>\n<\/div><\/div><\/div><div id=\"panel-w604002344720d-1-2-1\" class=\"so-panel widget widget_featured-blocks-widget panel-last-child\" data-index=\"7\" ><div\n\t\t\t\n\t\t\tclass=\"so-widget-featured-blocks-widget so-widget-featured-blocks-widget-base\"\n\t\t\t\n\t\t><div class=\"feature-block\">\n<span class=\"icon\">\n<span class=\"sow-icon-fontawesome sow-fas\" data-sow-icon=\"&#xf058;\"\n\t\t \n\t\taria-hidden=\"true\"><\/span><\/span>\n<h5>HONRADEZ<\/h5>\n<p><\/p>\n<\/div><\/div><\/div><\/div><div id=\"pgc-w604002344720d-1-3\"  class=\"panel-grid-cell\" ><div id=\"panel-w604002344720d-1-3-0\" class=\"so-panel widget widget_featured-blocks-widget panel-first-child\" data-index=\"8\" ><div\n\t\t\t\n\t\t\tclass=\"so-widget-featured-blocks-widget so-widget-featured-blocks-widget-base\"\n\t\t\t\n\t\t><div class=\"feature-block\">\n<span class=\"icon\">\n<span class=\"sow-icon-fontawesome sow-fas\" data-sow-icon=\"&#xf058;\"\n\t\t \n\t\taria-hidden=\"true\"><\/span><\/span>\n<h5>RESPETO<\/h5>\n<p><\/p>\n<\/div><\/div><\/div><div id=\"panel-w604002344720d-1-3-1\" class=\"so-panel widget widget_featured-blocks-widget panel-last-child\" data-index=\"9\" ><div\n\t\t\t\n\t\t\tclass=\"so-widget-featured-blocks-widget so-widget-featured-blocks-widget-base\"\n\t\t\t\n\t\t><div class=\"feature-block\">\n<span class=\"icon\">\n<span class=\"sow-icon-fontawesome sow-fas\" data-sow-icon=\"&#xf058;\"\n\t\t \n\t\taria-hidden=\"true\"><\/span><\/span>\n<h5>LEALTAD<\/h5>\n<p><\/p>\n<\/div><\/div><\/div><\/div><\/div><div id=\"pg-w604002344720d-2\"  class=\"panel-grid panel-no-style\" ><div id=\"pgc-w604002344720d-2-0\"  class=\"panel-grid-cell\" ><div id=\"panel-w604002344720d-2-0-0\" class=\"so-panel widget widget_spacer-widget panel-first-child panel-last-child\" data-index=\"10\" ><div\n\t\t\t\n\t\t\tclass=\"so-widget-spacer-widget so-widget-spacer-widget-base\"\n\t\t\t\n\t\t>\n<div class=\"clearfix\" style=\"height:30px\"><\/div><\/div><\/div><\/div><\/div><\/div><\/div><\/div><\/div><\/div><div id=\"pg-15-3\"  class=\"panel-grid panel-no-style\" ><div id=\"pgc-15-3-0\"  class=\"panel-grid-cell\" ><div id=\"panel-15-3-0-0\" class=\"so-panel widget widget_spacer-widget panel-first-child\" data-index=\"7\" ><div\n\t\t\t\n\t\t\tclass=\"so-widget-spacer-widget so-widget-spacer-widget-base\"\n\t\t\t\n\t\t>\n<div class=\"clearfix\" style=\"height:0px\"><\/div><\/div><\/div><div id=\"panel-15-3-0-1\" class=\"so-panel widget widget_sow-editor\" data-index=\"8\" ><div\n\t\t\t\n\t\t\tclass=\"so-widget-sow-editor so-widget-sow-editor-base\"\n\t\t\t\n\t\t>\n<div class=\"siteorigin-widget-tinymce textwidget\">\n\t<div class=\"text-align-center\"><h2 class=\"\">Nuestros Productos<\/h2><hr class=\"sm\"> <\/div>\n<\/div>\n<\/div><\/div><div id=\"panel-15-3-0-2\" class=\"so-panel widget widget_services-widget\" data-index=\"9\" ><div\n\t\t\t\n\t\t\tclass=\"so-widget-services-widget so-widget-services-widget-base\"\n\t\t\t\n\t\t>\t\t<div class=\"row\">\n\t<ul class=\"sort-destination isotope services-items format-gallery\" data-sort-id=\"services\">\n<li class=\"grid-item col-md-4  service-51 col-sm-4\">\n\t\t        <div class=\"service-grid-item format-standard\">\n                                            <a href=\"https:\/\/fundacioncrysol.org\/es\/service\/creditos-individuales\/\" class=\"media-box\"><img decoding=\"async\" src=\"https:\/\/fundacioncrysol.org\/es\/wp-content\/uploads\/2021\/03\/creditos-individuales.jpg\" class=\"attachment-post-thumbnail size-post-thumbnail wp-post-image\" alt=\"\" srcset=\"https:\/\/fundacioncrysol.org\/es\/wp-content\/uploads\/2021\/03\/creditos-individuales.jpg 400w, https:\/\/fundacioncrysol.org\/es\/wp-content\/uploads\/2021\/03\/creditos-individuales-300x150.jpg 300w\" sizes=\"(max-width: 400px) 100vw, 400px\" \/><\/a>\n                                    <div class=\"grid-item-inner\">\n                                    \t<h4><a href=\"https:\/\/fundacioncrysol.org\/es\/service\/creditos-individuales\/\">Cr\u00e9ditos Individuales<\/a><\/h4>\n                                        <p>Generalmente, este producto es destinado principalmente a atender mayores necesidades de financiamiento de clientes exitosos y que se han desarrollado en los bancos comunales y grupos solidarios.<\/p>                                        <a href=\"https:\/\/fundacioncrysol.org\/es\/service\/creditos-individuales\/\" class=\"more\">Leer m\u00e1s<\/a>\n                                    <\/div>\n                                <\/div>\n                            <\/li>\n<li class=\"grid-item col-md-4  service-51 col-sm-4\">\n\t\t        <div class=\"service-grid-item format-standard\">\n                                            <a href=\"https:\/\/fundacioncrysol.org\/es\/service\/bancrysoles-comunales\/\" class=\"media-box\"><img decoding=\"async\" src=\"https:\/\/fundacioncrysol.org\/es\/wp-content\/uploads\/2016\/05\/bancrysoles-comunales.jpg\" class=\"attachment-post-thumbnail size-post-thumbnail wp-post-image\" alt=\"\" srcset=\"https:\/\/fundacioncrysol.org\/es\/wp-content\/uploads\/2016\/05\/bancrysoles-comunales.jpg 400w, https:\/\/fundacioncrysol.org\/es\/wp-content\/uploads\/2016\/05\/bancrysoles-comunales-300x150.jpg 300w\" sizes=\"(max-width: 400px) 100vw, 400px\" \/><\/a>\n                                    <div class=\"grid-item-inner\">\n                                    \t<h4><a href=\"https:\/\/fundacioncrysol.org\/es\/service\/bancrysoles-comunales\/\">Bancrysoles Comunales<\/a><\/h4>\n                                        <p>Es un producto crediticio dirigido a mujeres del \u00e1rea rural que se encuentran en la l\u00ednea de pobreza, que se conocen entre s\u00ed, se organizan, se capacitan y son dirigidas por una junta directiva, y en donde la garant\u00eda es la confianza y la solidaridad.<\/p>                                        <a href=\"https:\/\/fundacioncrysol.org\/es\/service\/bancrysoles-comunales\/\" class=\"more\">Leer m\u00e1s<\/a>\n                                    <\/div>\n                                <\/div>\n                            <\/li>\n<li class=\"grid-item col-md-4  service-51 col-sm-4\">\n\t\t        <div class=\"service-grid-item format-standard\">\n                                            <a href=\"https:\/\/fundacioncrysol.org\/es\/service\/grupos-solidarios\/\" class=\"media-box\"><img decoding=\"async\" src=\"https:\/\/fundacioncrysol.org\/es\/wp-content\/uploads\/2016\/05\/grupos-solidarios.jpg\" class=\"attachment-post-thumbnail size-post-thumbnail wp-post-image\" alt=\"\" srcset=\"https:\/\/fundacioncrysol.org\/es\/wp-content\/uploads\/2016\/05\/grupos-solidarios.jpg 400w, https:\/\/fundacioncrysol.org\/es\/wp-content\/uploads\/2016\/05\/grupos-solidarios-300x150.jpg 300w\" sizes=\"(max-width: 400px) 100vw, 400px\" \/><\/a>\n                                    <div class=\"grid-item-inner\">\n                                    \t<h4><a href=\"https:\/\/fundacioncrysol.org\/es\/service\/grupos-solidarios\/\">Grupos Solidarios<\/a><\/h4>\n                                        <p>Producto crediticio dirigido a sectores pobres con potencialidad de desarrollo empresarial, el grupo es integrado por hombres y\/o mujeres que se dedican a actividades productivas y que no cuentan con garant\u00edas reales suficientes para un pr\u00e9stamo...<\/p>                                        <a href=\"https:\/\/fundacioncrysol.org\/es\/service\/grupos-solidarios\/\" class=\"more\">Leer m\u00e1s<\/a>\n                                    <\/div>\n                                <\/div>\n                            <\/li>\n                        <\/ul>\n\t<\/div> \n<\/div><\/div><div id=\"panel-15-3-0-3\" class=\"so-panel widget widget_spacer-widget panel-last-child\" data-index=\"10\" ><div\n\t\t\t\n\t\t\tclass=\"so-widget-spacer-widget so-widget-spacer-widget-base\"\n\t\t\t\n\t\t>\n<div class=\"clearfix\" style=\"height:20px\"><\/div><\/div><\/div><\/div><\/div><div id=\"pg-15-4\"  class=\"panel-grid panel-has-style\" ><div class=\"padding-tb75 accent-bg parallax-light siteorigin-panels-stretch panel-row-style panel-row-style-for-15-4\" data-stretch-type=\"full\" ><div id=\"pgc-15-4-0\"  class=\"panel-grid-cell\" ><div id=\"panel-15-4-0-0\" class=\"so-panel widget widget_sow-image panel-first-child panel-last-child\" data-index=\"11\" ><div\n\t\t\t\n\t\t\tclass=\"so-widget-sow-image so-widget-sow-image-default-8b5b6f678277-50\"\n\t\t\t\n\t\t>\n\n<div class=\"sow-image-container\">\n\t\t<img loading=\"lazy\" decoding=\"async\" src=\"https:\/\/fundacioncrysol.org\/es\/wp-content\/uploads\/2021\/03\/nuestros-clientes.jpg\" width=\"650\" height=\"550\" srcset=\"https:\/\/fundacioncrysol.org\/es\/wp-content\/uploads\/2021\/03\/nuestros-clientes.jpg 650w, https:\/\/fundacioncrysol.org\/es\/wp-content\/uploads\/2021\/03\/nuestros-clientes-300x254.jpg 300w\" sizes=\"auto, (max-width: 650px) 100vw, 650px\" alt=\"\" \t\tclass=\"so-widget-image\"\/>\n\t<\/div>\n\n<\/div><\/div><\/div><div id=\"pgc-15-4-1\"  class=\"panel-grid-cell\" ><div id=\"panel-15-4-1-0\" class=\"so-panel widget widget_sow-editor panel-first-child\" data-index=\"12\" ><div\n\t\t\t\n\t\t\tclass=\"so-widget-sow-editor so-widget-sow-editor-base\"\n\t\t\t\n\t\t>\n<div class=\"siteorigin-widget-tinymce textwidget\">\n\t<div class=\"text-align-center\"><h2 class=\"\"> <span style=\"color: #000000;\">Nuestros Clientes<\/span> <\/h2><hr class=\"sm\"> <\/div>\n<\/div>\n<\/div><\/div><div id=\"panel-15-4-1-1\" class=\"so-panel widget widget_sow-editor\" data-index=\"13\" ><div\n\t\t\t\n\t\t\tclass=\"so-widget-sow-editor so-widget-sow-editor-base\"\n\t\t\t\n\t\t>\n<div class=\"siteorigin-widget-tinymce textwidget\">\n\t<h4 style=\"text-align: left;\"><span style=\"color: #000000;\">El 70% de los clientes de Fundaci\u00f3n CRYSOL viven en el \u00e1rea rural en casas con deficiencias cualitativas y el 84.5% de estos son mujeres que se dedican a al comercio, agroindustria, artesan\u00edas y servicios; mujeres que se encuentran en la l\u00ednea de pobreza; \u00a0Asimismo atiende a peque\u00f1os agricultores que se dedican al cultivo de hortalizas, frutales, caf\u00e9, crianza de ganado, aves, cerdos, cabras, etc. son personas sencillas, humildes,\u00a0 y emprendedoras, en \u00a0su mayor\u00eda son analfabetas.<\/span><\/h4>\n<\/div>\n<\/div><\/div><div id=\"panel-15-4-1-2\" class=\"so-panel widget widget_sow-editor panel-last-child\" data-index=\"14\" ><div\n\t\t\t\n\t\t\tclass=\"so-widget-sow-editor so-widget-sow-editor-base\"\n\t\t\t\n\t\t>\n<div class=\"siteorigin-widget-tinymce textwidget\">\n\t<p style=\"text-align: left;\"><a href=\"https:\/\/fundacioncrysol.org\/es\/nuestros-clientes\/\" class=\"btn btn-default\" >Leer m\u00e1s <\/a><\/p>\n<\/div>\n<\/div><\/div><\/div><\/div><\/div><div id=\"pg-15-5\"  class=\"panel-grid panel-no-style\" ><div id=\"pgc-15-5-0\"  class=\"panel-grid-cell\" ><div id=\"panel-15-5-0-0\" class=\"so-panel widget widget_sow-editor panel-first-child\" data-index=\"15\" ><div\n\t\t\t\n\t\t\tclass=\"so-widget-sow-editor so-widget-sow-editor-base\"\n\t\t\t\n\t\t>\n<div class=\"siteorigin-widget-tinymce textwidget\">\n\t<p style=\"text-align: center;\"><div class=\"text-align-center\"><h2 class=\"\">Organismos de Cooperaci\u00f3n<\/h2><hr class=\"sm\"> <\/div><\/p>\n<\/div>\n<\/div><\/div><div id=\"panel-15-5-0-1\" class=\"so-panel widget widget_sow-image-grid panel-last-child\" data-index=\"16\" ><div\n\t\t\t\n\t\t\tclass=\"so-widget-sow-image-grid so-widget-sow-image-grid-default-f9faa44e1685-50\"\n\t\t\t\n\t\t>\t<div\n\t\tclass=\"sow-image-grid-wrapper\"\n\t\t\t\t\t>\n\t\t\t\t\t<div class=\"sow-image-grid-image\">\n\t\t\t\t\t\t\t\t\t\t\t\t<img loading=\"lazy\" decoding=\"async\" width=\"122\" height=\"72\" src=\"https:\/\/fundacioncrysol.org\/es\/wp-content\/uploads\/2021\/03\/logo-oiko-credit.jpg\" class=\"sow-image-grid-image_html\" alt=\"\" title=\"\" \/>\t\t\t\t\t\t\t\t\t\t\t<\/div>\n\t\t\t\t\t<div class=\"sow-image-grid-image\">\n\t\t\t\t\t\t\t\t\t\t\t\t<img loading=\"lazy\" decoding=\"async\" width=\"145\" height=\"70\" src=\"https:\/\/fundacioncrysol.org\/es\/wp-content\/uploads\/2021\/03\/logo-banrural.jpg\" class=\"sow-image-grid-image_html\" alt=\"\" title=\"\" \/>\t\t\t\t\t\t\t\t\t\t\t<\/div>\n\t\t\t\t\t<div class=\"sow-image-grid-image\">\n\t\t\t\t\t\t\t\t\t\t\t\t<img loading=\"lazy\" decoding=\"async\" width=\"186\" height=\"50\" src=\"https:\/\/fundacioncrysol.org\/es\/wp-content\/uploads\/2021\/03\/logo-banco-industrial.jpg\" class=\"sow-image-grid-image_html\" alt=\"\" title=\"\" \/>\t\t\t\t\t\t\t\t\t\t\t<\/div>\n\t\t\t\t\t<div class=\"sow-image-grid-image\">\n\t\t\t\t\t\t\t\t\t\t\t\t<img loading=\"lazy\" decoding=\"async\" width=\"210\" height=\"34\" src=\"https:\/\/fundacioncrysol.org\/es\/wp-content\/uploads\/2021\/03\/logo-banco-gyt-continental.jpg\" class=\"sow-image-grid-image_html\" alt=\"\" title=\"\" \/>\t\t\t\t\t\t\t\t\t\t\t<\/div>\n\t\t\t\t\t<div class=\"sow-image-grid-image\">\n\t\t\t\t\t\t\t\t\t\t\t\t<img loading=\"lazy\" decoding=\"async\" width=\"232\" height=\"56\" src=\"https:\/\/fundacioncrysol.org\/es\/wp-content\/uploads\/2021\/03\/logo-ministerio-de-economia.jpg\" class=\"sow-image-grid-image_html\" alt=\"\" title=\"\" \/>\t\t\t\t\t\t\t\t\t\t\t<\/div>\n\t\t\t<\/div>\n<\/div><\/div><\/div><\/div><\/div>","protected":false},"excerpt":{"rendered":"<p>Producto crediticio dirigido\u00a0 a sectores pobres con potencialidad de desarrollo empresarial, el grupo es integrado por hombres y\/o mujeres que se dedican a actividades productivas y que no cuentan con garant\u00edas reales suficientes para un pr\u00e9stamo individual y se unen para constituir una garant\u00eda solidaria y mancomunada. Al cierre de diciembre del 2018 la membres\u00eda de este producto fue de 911\u00a0 clientes vigentes.<\/p>\n","protected":false},"author":1,"featured_media":0,"parent":0,"menu_order":0,"comment_status":"closed","ping_status":"closed","template":"","meta":{"footnotes":""},"class_list":["post-15","page","type-page","status-publish","hentry"],"_links":{"self":[{"href":"https:\/\/fundacioncrysol.org\/es\/wp-json\/wp\/v2\/pages\/15","targetHints":{"allow":["GET"]}}],"collection":[{"href":"https:\/\/fundacioncrysol.org\/es\/wp-json\/wp\/v2\/pages"}],"about":[{"href":"https:\/\/fundacioncrysol.org\/es\/wp-json\/wp\/v2\/types\/page"}],"author":[{"embeddable":true,"href":"https:\/\/fundacioncrysol.org\/es\/wp-json\/wp\/v2\/users\/1"}],"replies":[{"embeddable":true,"href":"https:\/\/fundacioncrysol.org\/es\/wp-json\/wp\/v2\/comments?post=15"}],"version-history":[{"count":99,"href":"https:\/\/fundacioncrysol.org\/es\/wp-json\/wp\/v2\/pages\/15\/revisions"}],"predecessor-version":[{"id":1454,"href":"https:\/\/fundacioncrysol.org\/es\/wp-json\/wp\/v2\/pages\/15\/revisions\/1454"}],"wp:attachment":[{"href":"https:\/\/fundacioncrysol.org\/es\/wp-json\/wp\/v2\/media?parent=15"}],"curies":[{"name":"wp","href":"https:\/\/api.w.org\/{rel}","templated":true}]}}