{"id":819,"date":"2021-03-02T19:06:28","date_gmt":"2021-03-02T19:06:28","guid":{"rendered":"https:\/\/fundacioncrysol.org\/es\/?page_id=819"},"modified":"2021-03-04T05:17:30","modified_gmt":"2021-03-04T05:17:30","slug":"nuestra-filosofia","status":"publish","type":"page","link":"https:\/\/fundacioncrysol.org\/es\/nuestra-filosofia\/","title":{"rendered":"Nuestra Filosof\u00eda"},"content":{"rendered":"<div id=\"pl-819\"  class=\"panel-layout\" ><div id=\"pg-819-0\"  class=\"panel-grid panel-no-style\" ><div id=\"pgc-819-0-0\"  class=\"panel-grid-cell\" ><div id=\"panel-819-0-0-0\" class=\"so-panel widget widget_sow-editor panel-first-child panel-last-child\" data-index=\"0\" ><div\n\t\t\t\n\t\t\tclass=\"so-widget-sow-editor so-widget-sow-editor-base\"\n\t\t\t\n\t\t>\n<div class=\"siteorigin-widget-tinymce textwidget\">\n\t<p><span style=\"color: #000000;\">Fundaci\u00f3n CRYSOL, es una organizaci\u00f3n privada de desarrollo y\u00a0 sin fines de lucro, constituida conforme las leyes de la Rep\u00fablica de Guatemala, mediante escritura p\u00fablica del 6 de septiembre del a\u00f1o 1999\u00a0 y acuerdo numero 002-2000 del Ministerio de Gobernaci\u00f3n de fecha 6 de enero del a\u00f1o 2000, \u00a0con personer\u00eda y patrimonio propio, que se gobierna por sus estatutos, reglamentos y disposiciones emanadas de la Junta Directiva; Como ente jur\u00eddico con domicilio en la ciudad de Jalapa, Guatemala, est\u00e1 sujeto a las regulaciones y disposiciones del c\u00f3digo de comercio, sujeta a las regulaciones y fiscalizaci\u00f3n en materia tributaria de la Superintendencia de Administraci\u00f3n Tributaria (SAT),\u00a0 as\u00ed como en\u00a0 materia\u00a0 de seguridad social y laboral.<\/span><\/p>\n<p><span style=\"color: #000000;\">CRYSOL inici\u00f3 operaciones en julio del a\u00f1o 2000, se inspira en m\u00f3viles de crecimiento y solidaridad humana y dentro de sus estatutos se establece los siguientes fines:<\/span><\/p>\n<\/div>\n<\/div><\/div><\/div><\/div><div id=\"pg-819-1\"  class=\"panel-grid panel-has-style\" ><div class=\"panel-row-style panel-row-style-for-819-1\" ><div id=\"pgc-819-1-0\"  class=\"panel-grid-cell\" ><div id=\"panel-819-1-0-0\" class=\"so-panel widget widget_sow-editor panel-first-child panel-last-child\" data-index=\"1\" ><div\n\t\t\t\n\t\t\tclass=\"so-widget-sow-editor so-widget-sow-editor-base\"\n\t\t\t\n\t\t>\n<div class=\"siteorigin-widget-tinymce textwidget\">\n\t<h3><span style=\"color: #555555;\">- Apoyar el mejoramiento de las condiciones socio-econ\u00f3micas de comunidades\u00a0 rurales y urbanas de Guatemala.<\/span><\/h3>\n<h3><span style=\"color: #555555;\">- Apoyar actividades que promuevan la gesti\u00f3n comunitaria bajo los principios de sostenibilidad y replicabilidad.<\/span><\/h3>\n<h3><span style=\"color: #555555;\">- Formular y promover recomendaciones de pol\u00edticas\u00a0 en el campo del desarrollo comunitario.<\/span><\/h3>\n<h3><span style=\"color: #555555;\">- Cooperar con Instituciones con fines similares, cuando lo ameriten.<\/span><\/h3>\n<\/div>\n<\/div><\/div><\/div><div id=\"pgc-819-1-1\"  class=\"panel-grid-cell\" ><div id=\"panel-819-1-1-0\" class=\"so-panel widget widget_sow-image panel-first-child panel-last-child\" data-index=\"2\" ><div class=\"align-left panel-widget-style panel-widget-style-for-819-1-1-0\" ><div\n\t\t\t\n\t\t\tclass=\"so-widget-sow-image so-widget-sow-image-default-8b5b6f678277-819\"\n\t\t\t\n\t\t>\n\n<div class=\"sow-image-container\">\n\t\t<img loading=\"lazy\" decoding=\"async\" src=\"https:\/\/fundacioncrysol.org\/es\/wp-content\/uploads\/2021\/03\/nuestra-filosofia-1.jpg\" width=\"582\" height=\"436\" srcset=\"https:\/\/fundacioncrysol.org\/es\/wp-content\/uploads\/2021\/03\/nuestra-filosofia-1.jpg 582w, https:\/\/fundacioncrysol.org\/es\/wp-content\/uploads\/2021\/03\/nuestra-filosofia-1-300x225.jpg 300w\" sizes=\"auto, (max-width: 582px) 100vw, 582px\" title=\"nuestra-filosofia\" alt=\"\" \t\tclass=\"so-widget-image\"\/>\n\t<\/div>\n\n<\/div><\/div><\/div><\/div><\/div><\/div><\/div>","protected":false},"excerpt":{"rendered":"<p>Fundaci\u00f3n CRYSOL, es una organizaci\u00f3n privada de desarrollo y\u00a0 sin fines de lucro, constituida conforme las leyes de la Rep\u00fablica de Guatemala, mediante escritura p\u00fablica del 6 de septiembre del a\u00f1o 1999\u00a0 y acuerdo numero 002-2000 del Ministerio de Gobernaci\u00f3n de fecha 6 de enero del a\u00f1o 2000, \u00a0con personer\u00eda y patrimonio propio, que se gobierna por sus estatutos, reglamentos y disposiciones emanadas de la Junta Directiva; Como ente jur\u00eddico con domicilio en la ciudad de Jalapa, Guatemala, est\u00e1 sujeto a las regulaciones y disposiciones del c\u00f3digo de comercio, sujeta a las regulaciones y fiscalizaci\u00f3n en materia tributaria de la Superintendencia de Administraci\u00f3n Tributaria (SAT),\u00a0 as\u00ed como en\u00a0 materia\u00a0 de seguridad social y laboral. CRYSOL inici\u00f3 operaciones en julio del a\u00f1o 2000, se inspira en m\u00f3viles de crecimiento y solidaridad humana y dentro de sus estatutos se establece los siguientes fines: &#8211; Apoyar el mejoramiento de las condiciones socio-econ\u00f3micas de comunidades\u00a0 rurales y urbanas de Guatemala. &#8211; Apoyar actividades que promuevan la gesti\u00f3n comunitaria bajo los principios de sostenibilidad y replicabilidad. &#8211; Formular y promover recomendaciones de pol\u00edticas\u00a0 en el campo del desarrollo comunitario. &#8211; Cooperar con Instituciones con fines similares, cuando lo ameriten.<\/p>\n","protected":false},"author":1,"featured_media":0,"parent":0,"menu_order":0,"comment_status":"closed","ping_status":"closed","template":"","meta":{"footnotes":""},"class_list":["post-819","page","type-page","status-publish","hentry"],"_links":{"self":[{"href":"https:\/\/fundacioncrysol.org\/es\/wp-json\/wp\/v2\/pages\/819","targetHints":{"allow":["GET"]}}],"collection":[{"href":"https:\/\/fundacioncrysol.org\/es\/wp-json\/wp\/v2\/pages"}],"about":[{"href":"https:\/\/fundacioncrysol.org\/es\/wp-json\/wp\/v2\/types\/page"}],"author":[{"embeddable":true,"href":"https:\/\/fundacioncrysol.org\/es\/wp-json\/wp\/v2\/users\/1"}],"replies":[{"embeddable":true,"href":"https:\/\/fundacioncrysol.org\/es\/wp-json\/wp\/v2\/comments?post=819"}],"version-history":[{"count":35,"href":"https:\/\/fundacioncrysol.org\/es\/wp-json\/wp\/v2\/pages\/819\/revisions"}],"predecessor-version":[{"id":1245,"href":"https:\/\/fundacioncrysol.org\/es\/wp-json\/wp\/v2\/pages\/819\/revisions\/1245"}],"wp:attachment":[{"href":"https:\/\/fundacioncrysol.org\/es\/wp-json\/wp\/v2\/media?parent=819"}],"curies":[{"name":"wp","href":"https:\/\/api.w.org\/{rel}","templated":true}]}}