{"id":916,"date":"2021-03-03T15:53:07","date_gmt":"2021-03-03T15:53:07","guid":{"rendered":"https:\/\/fundacioncrysol.org\/es\/?page_id=916"},"modified":"2021-03-04T00:52:11","modified_gmt":"2021-03-04T00:52:11","slug":"mision-vision-valores","status":"publish","type":"page","link":"https:\/\/fundacioncrysol.org\/es\/mision-vision-valores\/","title":{"rendered":"Misi\u00f3n, Visi\u00f3n y Valores"},"content":{"rendered":"<div id=\"pl-916\"  class=\"panel-layout\" ><div id=\"pg-916-0\"  class=\"panel-grid panel-no-style\" ><div id=\"pgc-916-0-0\"  class=\"panel-grid-cell\" ><div id=\"panel-916-0-0-0\" class=\"so-panel widget widget_team-widget panel-first-child panel-last-child\" data-index=\"0\" ><div\n\t\t\t\n\t\t\tclass=\"so-widget-team-widget so-widget-team-widget-base\"\n\t\t\t\n\t\t>\t<ul class=\"isotope-grid row\">\n<li class=\"grid-item col-md-6 col-sm-4\">\n        <div class=\"team-grid-item format-standard\">\n                                                    <a href=\"https:\/\/fundacioncrysol.org\/es\/wp-content\/uploads\/2016\/05\/vsion-01.jpg\" class=\"magnific-image media-box\"><img decoding=\"async\" src=\"https:\/\/fundacioncrysol.org\/es\/wp-content\/uploads\/2016\/05\/vsion-01.jpg\" class=\"attachment-post-thumbnail size-post-thumbnail wp-post-image\" alt=\"\" srcset=\"https:\/\/fundacioncrysol.org\/es\/wp-content\/uploads\/2016\/05\/vsion-01.jpg 921w, https:\/\/fundacioncrysol.org\/es\/wp-content\/uploads\/2016\/05\/vsion-01-300x225.jpg 300w, https:\/\/fundacioncrysol.org\/es\/wp-content\/uploads\/2016\/05\/vsion-01-768x576.jpg 768w\" sizes=\"(max-width: 921px) 100vw, 921px\" \/><\/a>\n                                            <div class=\"grid-item-inner\">\n                                                <h3>Visi\u00f3n<\/h3>\n                                                <span class=\"meta-data\"><\/span>\n\t\t\t\t\t\t\t\t\t\t\t\t                                                <p>Ser una organizaci\u00f3n privada que brinda servicios financieros de excelencia;\u00a0 que contribuye al desarrollo familiar y comunitario, preferida en el oriente del pa\u00eds y con<\/p>\t\t\t\t\t\t\t\t\t\t\t\t                                            <\/div>\n                                        <\/div>\n                                    <\/li>          \n<li class=\"grid-item col-md-6 col-sm-4\">\n        <div class=\"team-grid-item format-standard\">\n                                                    <a href=\"https:\/\/fundacioncrysol.org\/es\/wp-content\/uploads\/2016\/05\/mision-02.jpg\" class=\"magnific-image media-box\"><img decoding=\"async\" src=\"https:\/\/fundacioncrysol.org\/es\/wp-content\/uploads\/2016\/05\/mision-02.jpg\" class=\"attachment-post-thumbnail size-post-thumbnail wp-post-image\" alt=\"\" srcset=\"https:\/\/fundacioncrysol.org\/es\/wp-content\/uploads\/2016\/05\/mision-02.jpg 921w, https:\/\/fundacioncrysol.org\/es\/wp-content\/uploads\/2016\/05\/mision-02-300x225.jpg 300w, https:\/\/fundacioncrysol.org\/es\/wp-content\/uploads\/2016\/05\/mision-02-768x576.jpg 768w\" sizes=\"(max-width: 921px) 100vw, 921px\" \/><\/a>\n                                            <div class=\"grid-item-inner\">\n                                                <h3>Misi\u00f3n<\/h3>\n                                                <span class=\"meta-data\"><\/span>\n\t\t\t\t\t\t\t\t\t\t\t\t                                                <p>Somos una organizaci\u00f3n privada que brinda servicios financieros de f\u00e1cil acceso, \u00e1giles, oportunos y transparentes a personas y grupos de \u00e1reas rurales y urbanas; que<\/p>\t\t\t\t\t\t\t\t\t\t\t\t                                            <\/div>\n                                        <\/div>\n                                    <\/li>          \n<\/ul>\n<\/div><\/div><\/div><\/div><div id=\"pg-916-1\"  class=\"panel-grid panel-has-style\" ><div class=\"siteorigin-panels-stretch panel-row-style panel-row-style-for-916-1\" data-stretch-type=\"full\" ><div id=\"pgc-916-1-0\"  class=\"panel-grid-cell\" ><div id=\"panel-916-1-0-0\" class=\"so-panel widget widget_siteorigin-panels-builder panel-first-child panel-last-child\" data-index=\"1\" ><div class=\"panel-widget-style panel-widget-style-for-916-1-0-0\" ><div id=\"pl-w60402f3b1044b\"  class=\"panel-layout\" ><div id=\"pg-w60402f3b1044b-0\"  class=\"panel-grid panel-no-style\" ><div id=\"pgc-w60402f3b1044b-0-0\"  class=\"panel-grid-cell\" ><div id=\"panel-w60402f3b1044b-0-0-0\" class=\"so-panel widget widget_sow-editor panel-first-child panel-last-child\" data-index=\"0\" ><div\n\t\t\t\n\t\t\tclass=\"so-widget-sow-editor so-widget-sow-editor-base\"\n\t\t\t\n\t\t>\n<div class=\"siteorigin-widget-tinymce textwidget\">\n\t<h4 class=\"stacked-title\">NUESTROS VALORES<\/h4>\n<\/div>\n<\/div><\/div><\/div><\/div><div id=\"pg-w60402f3b1044b-1\"  class=\"panel-grid panel-no-style\" ><div id=\"pgc-w60402f3b1044b-1-0\"  class=\"panel-grid-cell\" ><div id=\"panel-w60402f3b1044b-1-0-0\" class=\"so-panel widget widget_featured-blocks-widget panel-first-child\" data-index=\"1\" ><div\n\t\t\t\n\t\t\tclass=\"so-widget-featured-blocks-widget so-widget-featured-blocks-widget-base\"\n\t\t\t\n\t\t><div class=\"feature-block\">\n<span class=\"icon\">\n<span class=\"sow-icon-fontawesome sow-fas\" data-sow-icon=\"&#xf058;\"\n\t\t \n\t\taria-hidden=\"true\"><\/span><\/span>\n<h5>SERVICIO<\/h5>\n<p><\/p>\n<\/div><\/div><\/div><div id=\"panel-w60402f3b1044b-1-0-1\" class=\"so-panel widget widget_featured-blocks-widget panel-last-child\" data-index=\"2\" ><div\n\t\t\t\n\t\t\tclass=\"so-widget-featured-blocks-widget so-widget-featured-blocks-widget-base\"\n\t\t\t\n\t\t><div class=\"feature-block\">\n<span class=\"icon\">\n<span class=\"sow-icon-fontawesome sow-fas\" data-sow-icon=\"&#xf058;\"\n\t\t \n\t\taria-hidden=\"true\"><\/span><\/span>\n<h5>RESPONSABILIDAD<\/h5>\n<p><\/p>\n<\/div><\/div><\/div><\/div><div id=\"pgc-w60402f3b1044b-1-1\"  class=\"panel-grid-cell\" ><div id=\"panel-w60402f3b1044b-1-1-0\" class=\"so-panel widget widget_featured-blocks-widget panel-first-child\" data-index=\"3\" ><div\n\t\t\t\n\t\t\tclass=\"so-widget-featured-blocks-widget so-widget-featured-blocks-widget-base\"\n\t\t\t\n\t\t><div class=\"feature-block\">\n<span class=\"icon\">\n<span class=\"sow-icon-fontawesome sow-fas\" data-sow-icon=\"&#xf058;\"\n\t\t \n\t\taria-hidden=\"true\"><\/span><\/span>\n<h5>COOPERACI\u00d3N<\/h5>\n<p><\/p>\n<\/div><\/div><\/div><div id=\"panel-w60402f3b1044b-1-1-1\" class=\"so-panel widget widget_featured-blocks-widget panel-last-child\" data-index=\"4\" ><div\n\t\t\t\n\t\t\tclass=\"so-widget-featured-blocks-widget so-widget-featured-blocks-widget-base\"\n\t\t\t\n\t\t><div class=\"feature-block\">\n<span class=\"icon\">\n<span class=\"sow-icon-fontawesome sow-fas\" data-sow-icon=\"&#xf058;\"\n\t\t \n\t\taria-hidden=\"true\"><\/span><\/span>\n<h5>TRANSPARENCIA<\/h5>\n<p><\/p>\n<\/div><\/div><\/div><\/div><div id=\"pgc-w60402f3b1044b-1-2\"  class=\"panel-grid-cell\" ><div id=\"panel-w60402f3b1044b-1-2-0\" class=\"so-panel widget widget_featured-blocks-widget panel-first-child\" data-index=\"5\" ><div\n\t\t\t\n\t\t\tclass=\"so-widget-featured-blocks-widget so-widget-featured-blocks-widget-base\"\n\t\t\t\n\t\t><div class=\"feature-block\">\n<span class=\"icon\">\n<span class=\"sow-icon-fontawesome sow-fas\" data-sow-icon=\"&#xf058;\"\n\t\t \n\t\taria-hidden=\"true\"><\/span><\/span>\n<h5>HONESTIDAD<\/h5>\n<p><\/p>\n<\/div><\/div><\/div><div id=\"panel-w60402f3b1044b-1-2-1\" class=\"so-panel widget widget_featured-blocks-widget panel-last-child\" data-index=\"6\" ><div\n\t\t\t\n\t\t\tclass=\"so-widget-featured-blocks-widget so-widget-featured-blocks-widget-base\"\n\t\t\t\n\t\t><div class=\"feature-block\">\n<span class=\"icon\">\n<span class=\"sow-icon-fontawesome sow-fas\" data-sow-icon=\"&#xf058;\"\n\t\t \n\t\taria-hidden=\"true\"><\/span><\/span>\n<h5>HONRADEZ<\/h5>\n<p><\/p>\n<\/div><\/div><\/div><\/div><div id=\"pgc-w60402f3b1044b-1-3\"  class=\"panel-grid-cell\" ><div id=\"panel-w60402f3b1044b-1-3-0\" class=\"so-panel widget widget_featured-blocks-widget panel-first-child\" data-index=\"7\" ><div\n\t\t\t\n\t\t\tclass=\"so-widget-featured-blocks-widget so-widget-featured-blocks-widget-base\"\n\t\t\t\n\t\t><div class=\"feature-block\">\n<span class=\"icon\">\n<span class=\"sow-icon-fontawesome sow-fas\" data-sow-icon=\"&#xf058;\"\n\t\t \n\t\taria-hidden=\"true\"><\/span><\/span>\n<h5>RESPETO<\/h5>\n<p><\/p>\n<\/div><\/div><\/div><div id=\"panel-w60402f3b1044b-1-3-1\" class=\"so-panel widget widget_featured-blocks-widget panel-last-child\" data-index=\"8\" ><div\n\t\t\t\n\t\t\tclass=\"so-widget-featured-blocks-widget so-widget-featured-blocks-widget-base\"\n\t\t\t\n\t\t><div class=\"feature-block\">\n<span class=\"icon\">\n<span class=\"sow-icon-fontawesome sow-fas\" data-sow-icon=\"&#xf058;\"\n\t\t \n\t\taria-hidden=\"true\"><\/span><\/span>\n<h5>LEALTAD<\/h5>\n<p><\/p>\n<\/div><\/div><\/div><\/div><\/div><div id=\"pg-w60402f3b1044b-2\"  class=\"panel-grid panel-no-style\" ><div id=\"pgc-w60402f3b1044b-2-0\"  class=\"panel-grid-cell\" ><div id=\"panel-w60402f3b1044b-2-0-0\" class=\"so-panel widget widget_spacer-widget panel-first-child panel-last-child\" data-index=\"9\" ><div\n\t\t\t\n\t\t\tclass=\"so-widget-spacer-widget so-widget-spacer-widget-base\"\n\t\t\t\n\t\t>\n<div class=\"clearfix\" style=\"height:10px\"><\/div><\/div><\/div><\/div><\/div><\/div><\/div><\/div><\/div><\/div><\/div><\/div>","protected":false},"excerpt":{"rendered":"<p>NUESTROS VALORES<\/p>\n","protected":false},"author":1,"featured_media":0,"parent":0,"menu_order":0,"comment_status":"closed","ping_status":"closed","template":"","meta":{"footnotes":""},"class_list":["post-916","page","type-page","status-publish","hentry"],"_links":{"self":[{"href":"https:\/\/fundacioncrysol.org\/es\/wp-json\/wp\/v2\/pages\/916","targetHints":{"allow":["GET"]}}],"collection":[{"href":"https:\/\/fundacioncrysol.org\/es\/wp-json\/wp\/v2\/pages"}],"about":[{"href":"https:\/\/fundacioncrysol.org\/es\/wp-json\/wp\/v2\/types\/page"}],"author":[{"embeddable":true,"href":"https:\/\/fundacioncrysol.org\/es\/wp-json\/wp\/v2\/users\/1"}],"replies":[{"embeddable":true,"href":"https:\/\/fundacioncrysol.org\/es\/wp-json\/wp\/v2\/comments?post=916"}],"version-history":[{"count":37,"href":"https:\/\/fundacioncrysol.org\/es\/wp-json\/wp\/v2\/pages\/916\/revisions"}],"predecessor-version":[{"id":1300,"href":"https:\/\/fundacioncrysol.org\/es\/wp-json\/wp\/v2\/pages\/916\/revisions\/1300"}],"wp:attachment":[{"href":"https:\/\/fundacioncrysol.org\/es\/wp-json\/wp\/v2\/media?parent=916"}],"curies":[{"name":"wp","href":"https:\/\/api.w.org\/{rel}","templated":true}]}}