{"id":949,"date":"2021-03-03T16:21:55","date_gmt":"2021-03-03T16:21:55","guid":{"rendered":"https:\/\/fundacioncrysol.org\/es\/?page_id=949"},"modified":"2021-03-05T06:58:39","modified_gmt":"2021-03-05T06:58:39","slug":"mensaje-director","status":"publish","type":"page","link":"https:\/\/fundacioncrysol.org\/es\/mensaje-director\/","title":{"rendered":"Mensaje del Director"},"content":{"rendered":"<div id=\"pl-949\"  class=\"panel-layout\" ><div id=\"pg-949-0\"  class=\"panel-grid panel-no-style\" ><div id=\"pgc-949-0-0\"  class=\"panel-grid-cell\" ><div id=\"panel-949-0-0-0\" class=\"so-panel widget widget_sow-image panel-first-child panel-last-child\" data-index=\"0\" ><div class=\"align-left panel-widget-style panel-widget-style-for-949-0-0-0\" ><div\n\t\t\t\n\t\t\tclass=\"so-widget-sow-image so-widget-sow-image-default-8b5b6f678277-949\"\n\t\t\t\n\t\t>\n\n<div class=\"sow-image-container\">\n\t\t<img loading=\"lazy\" decoding=\"async\" src=\"https:\/\/fundacioncrysol.org\/es\/wp-content\/uploads\/2021\/03\/director-fundacion-crysol.jpg\" width=\"432\" height=\"500\" srcset=\"https:\/\/fundacioncrysol.org\/es\/wp-content\/uploads\/2021\/03\/director-fundacion-crysol.jpg 432w, https:\/\/fundacioncrysol.org\/es\/wp-content\/uploads\/2021\/03\/director-fundacion-crysol-259x300.jpg 259w, https:\/\/fundacioncrysol.org\/es\/wp-content\/uploads\/2021\/03\/director-fundacion-crysol-300x347.jpg 300w\" sizes=\"auto, (max-width: 432px) 100vw, 432px\" alt=\"\" \t\tclass=\"so-widget-image\"\/>\n\t<\/div>\n\n<\/div><\/div><\/div><\/div><div id=\"pgc-949-0-1\"  class=\"panel-grid-cell\" ><div id=\"panel-949-0-1-0\" class=\"so-panel widget widget_sow-editor panel-first-child panel-last-child\" data-index=\"1\" ><div\n\t\t\t\n\t\t\tclass=\"so-widget-sow-editor so-widget-sow-editor-base\"\n\t\t\t\n\t\t>\n<div class=\"siteorigin-widget-tinymce textwidget\">\n\t<h2><span class=\"accent-color\">Estimados y Estimadas: <\/span><\/h2>\n<p><span style=\"color: #333333;\">Gracias a nuestros clientes, a nuestros proveedores, a nuestros cooperantes financieros, a nuestro talento humano en sus diferentes \u00e1mbitos de acci\u00f3n y a Dios principalmente, hemos culminado un cap\u00edtulo m\u00e1s de doce meses de arduo trabajo, acumulando a la fecha 18 a\u00f1os de estar contribuyendo a aliviar la pobreza de nuestros y nuestras clientes a trav\u00e9s de metodolog\u00edas de cr\u00e9dito inclusivas, adaptada a sus necesidades y a nuestro acompa\u00f1amiento que lo brindamos con calidad y calidez.<\/span><\/p>\n<p><span style=\"color: #333333;\">De todos es conocido que el entorno social, econ\u00f3mico y pol\u00edtico no es favorable para una ruta de desarrollo sostenible a nivel de nuestras organizaciones y principalmente a nivel de nuestros clientes que con sus emprendimientos buscan mejorar su calidad de vida.<\/span><\/p>\n<p><span style=\"color: #333333;\">Sin embargo a pesar de que siempre hay tropiezos, es altamente gratificante haber cerrado el a\u00f1o 2018, con indicadores en cartera, gesti\u00f3n financiera y social en forma positiva, esto a su vez implica el compromiso de seguir brindando servicios que impacten en la vida de nuestros y nuestras clientes y que nosotros estaremos siempre dispuestos a darles el cr\u00e9dito a su esfuerzo, raz\u00f3n fundamental para seguir tambi\u00e9n fortaleciendo a nuestro talento humano en su gesti\u00f3n, en especial aquellos que se identifican con nuestra filosof\u00eda y m\u00edstica de trabajo y por supuesto en la b\u00fasqueda constante de formas y fondos para ser cada d\u00eda mejor y m\u00e1s competitivo.<\/span><\/p>\n<p style=\"text-align: center;\">\n<\/div>\n<\/div><\/div><\/div><\/div><div id=\"pg-949-1\"  class=\"panel-grid panel-no-style\" ><div id=\"pgc-949-1-0\"  class=\"panel-grid-cell\" ><div id=\"panel-949-1-0-0\" class=\"so-panel widget widget_sow-editor panel-first-child panel-last-child\" data-index=\"2\" ><div\n\t\t\t\n\t\t\tclass=\"so-widget-sow-editor so-widget-sow-editor-base\"\n\t\t\t\n\t\t>\n<div class=\"siteorigin-widget-tinymce textwidget\">\n\t<p><span style=\"color: #333333;\">Por lo tanto el reto para nosotros, seguir\u00e1 siendo trabajar en el desarrollo de las econom\u00edas especialmente rurales y como protagonistas las mujeres; con trasparencia, adapt\u00e1ndonos, transform\u00e1ndonos o cambiando de acuerdo a la din\u00e1mica del mercado y a las condiciones de un marco regulatorio que no se ve nada favorable para el desarrollo del que hacer de muchas organizaciones como las nuestras.<\/span><\/p>\n<p><span style=\"color: #333333;\">En esta memoria les compartimos nuestra filosof\u00eda, nuestros y nuestras clientes, nuestros productos, nuestra informaci\u00f3n de cartera, nuestros indicadores de desempe\u00f1o, y otras actividades realizada en el a\u00f1o 2018.<\/span><\/p>\n<p><span style=\"color: #333333;\">Cordialmente,<\/span><\/p>\n<p style=\"text-align: center;\"><span style=\"color: #333333;\">Hugo Leonel Estrada Ortiz<\/span><br \/>\n<span style=\"color: #333333;\">Director Ejecutivo<\/span><\/p>\n<\/div>\n<\/div><\/div><\/div><\/div><\/div>","protected":false},"excerpt":{"rendered":"<p>Estimados y Estimadas: Gracias a nuestros clientes, a nuestros proveedores, a nuestros cooperantes financieros, a nuestro talento humano en sus diferentes \u00e1mbitos de acci\u00f3n y a Dios principalmente, hemos culminado un cap\u00edtulo m\u00e1s de doce meses de arduo trabajo, acumulando a la fecha 18 a\u00f1os de estar contribuyendo a aliviar la pobreza de nuestros y nuestras clientes a trav\u00e9s de metodolog\u00edas de cr\u00e9dito inclusivas, adaptada a sus necesidades y a nuestro acompa\u00f1amiento que lo brindamos con calidad y calidez. De todos es conocido que el entorno social, econ\u00f3mico y pol\u00edtico no es favorable para una ruta de desarrollo sostenible a nivel de nuestras organizaciones y principalmente a nivel de nuestros clientes que con sus emprendimientos buscan mejorar su calidad de vida. Sin embargo a pesar de que siempre hay tropiezos, es altamente gratificante haber cerrado el a\u00f1o 2018, con indicadores en cartera, gesti\u00f3n financiera y social en forma positiva, esto a su vez implica el compromiso de seguir brindando servicios que impacten en la vida de nuestros y nuestras clientes y que nosotros estaremos siempre dispuestos a darles el cr\u00e9dito a su esfuerzo, raz\u00f3n fundamental para seguir tambi\u00e9n fortaleciendo a nuestro talento humano en su gesti\u00f3n, en especial aquellos que se identifican con nuestra filosof\u00eda y m\u00edstica de trabajo y por supuesto en la b\u00fasqueda constante de formas y fondos para ser cada d\u00eda mejor y m\u00e1s competitivo. Por lo tanto el reto para nosotros, seguir\u00e1 siendo trabajar en el desarrollo de las econom\u00edas especialmente rurales y como protagonistas las mujeres; con trasparencia, adapt\u00e1ndonos, transform\u00e1ndonos o cambiando de acuerdo a la din\u00e1mica del mercado y a las condiciones de un marco regulatorio que no se ve nada favorable para el desarrollo del que hacer de muchas organizaciones como las nuestras. En esta memoria les compartimos nuestra filosof\u00eda, nuestros y nuestras clientes, nuestros productos, nuestra informaci\u00f3n de cartera, nuestros indicadores de desempe\u00f1o, y otras actividades realizada en el a\u00f1o 2018. Cordialmente, Hugo Leonel Estrada Ortiz Director Ejecutivo<\/p>\n","protected":false},"author":1,"featured_media":0,"parent":0,"menu_order":0,"comment_status":"closed","ping_status":"closed","template":"","meta":{"footnotes":""},"class_list":["post-949","page","type-page","status-publish","hentry"],"_links":{"self":[{"href":"https:\/\/fundacioncrysol.org\/es\/wp-json\/wp\/v2\/pages\/949","targetHints":{"allow":["GET"]}}],"collection":[{"href":"https:\/\/fundacioncrysol.org\/es\/wp-json\/wp\/v2\/pages"}],"about":[{"href":"https:\/\/fundacioncrysol.org\/es\/wp-json\/wp\/v2\/types\/page"}],"author":[{"embeddable":true,"href":"https:\/\/fundacioncrysol.org\/es\/wp-json\/wp\/v2\/users\/1"}],"replies":[{"embeddable":true,"href":"https:\/\/fundacioncrysol.org\/es\/wp-json\/wp\/v2\/comments?post=949"}],"version-history":[{"count":20,"href":"https:\/\/fundacioncrysol.org\/es\/wp-json\/wp\/v2\/pages\/949\/revisions"}],"predecessor-version":[{"id":1299,"href":"https:\/\/fundacioncrysol.org\/es\/wp-json\/wp\/v2\/pages\/949\/revisions\/1299"}],"wp:attachment":[{"href":"https:\/\/fundacioncrysol.org\/es\/wp-json\/wp\/v2\/media?parent=949"}],"curies":[{"name":"wp","href":"https:\/\/api.w.org\/{rel}","templated":true}]}}